{"id":5885,"date":"2024-04-24T14:20:07","date_gmt":"2024-04-24T14:20:07","guid":{"rendered":"http:\/\/fluidnatek.com\/?page_id=5885"},"modified":"2026-03-10T09:50:05","modified_gmt":"2026-03-10T09:50:05","slug":"politica-de-calidad","status":"publish","type":"page","link":"https:\/\/fluidnatek.com\/es\/politica-de-calidad\/","title":{"rendered":"Politica de Calidad"},"content":{"rendered":"\n\t<section class=\"section padding-top-l padding-right-s padding-bottom-xl padding-left-s\" id=\"section_34295766\">\n\t\t<div class=\"section-bg fill\" >\n\t\t\t\t\t\t\t\t\t\n\t\t\t\n\n\t\t<\/div>\n\n\t\t\n\n\t\t<div class=\"section-content relative\">\n\t\t\t\n<div class=\"row row-collapse\"  id=\"row-785181075\">\n\n\t<div id=\"col-556355260\" class=\"col small-12 large-12\"  >\n\t\t\t\t<div class=\"col-inner\"  >\n\t\t\t\n\t\t\t\n<h1 class=\"head-corporative margin-bottom-m head-m\">Pol\u00edtica de calidad y medio ambiente<\/h1>\n\t\t<\/div>\n\t\t\t\t\t<\/div>\n\n\t\n<\/div>\n<div class=\"row row-collapse\"  id=\"row-1254142531\">\n\n\t<div id=\"col-74410646\" class=\"col small-12 large-12\"  >\n\t\t\t\t<div class=\"col-inner\"  >\n\t\t\t\n\t\t\t\n<p><strong>BIOINICIA FLUIDNATEK SLU <\/strong>(en adelante <strong>FLUIDNATEK<\/strong>) es una empresa dedicada al dise\u00f1o, gesti\u00f3n de la fabricaci\u00f3n, desarrollo y comercializaci\u00f3n de equipos de tecnolog\u00eda electro hidrodin\u00e1mica (electrospinning y electrospraying).<\/p>\n<p>La Direcci\u00f3n de <strong>FLUIDNATEK<\/strong> establece la presente Pol\u00edtica de Calidad y Medio Ambiente como marco de referencia para el establecimiento de los objetivos del Sistema de Gesti\u00f3n Integrado, comprometi\u00e9ndose a:<\/p>\n<ul>\n<li>Aumentar la satisfacci\u00f3n del cliente mediante el cumplimiento de sus requisitos, necesidades y expectativas.<\/li>\n<li>Cumplir con los requisitos legales y reglamentarios aplicables, as\u00ed como otros requisitos suscritos por la organizaci\u00f3n.<\/li>\n<li>Garantizar la calidad, seguridad, fiabilidad y reproducibilidad de los equipos fabricados y comercializados.<\/li>\n<li>Proteger el medio ambiente, incluyendo la prevenci\u00f3n de la contaminaci\u00f3n, el uso sostenible de los recursos y la mitigaci\u00f3n y adaptaci\u00f3n al cambio clim\u00e1tico.<\/li>\n<li>Mejorar continuamente la eficacia del Sistema de Gesti\u00f3n Integrado.<\/li>\n<li>Proporcionar los recursos necesarios para el correcto funcionamiento y mejora del sistema.<\/li>\n<li>Mejorar la comunicaci\u00f3n y las relaciones con proveedores y colaboradores estrat\u00e9gicos.<\/li>\n<li>Reducir no conformidades, incidencias, reclamaciones y costes asociados.<\/li>\n<\/ul>\n<p>La Direcci\u00f3n promueve una cultura basada en:<\/p>\n<ul>\n<li>Enfoque al cliente.<\/li>\n<li>Responsabilidad medioambiental y sostenibilidad.<\/li>\n<li>Seguridad y salud en el trabajo.<\/li>\n<li>Responsabilidad \u00e9tica y laboral.<\/li>\n<\/ul>\n<p>Para lograr estos compromisos, <strong>FLUIDNATEK<\/strong> se centra en:<\/p>\n<ul>\n<li>Mejorar la coordinaci\u00f3n y comunicaci\u00f3n interna entre departamentos.<\/li>\n<li>Analizar sistem\u00e1ticamente los requisitos del cliente y sus reclamaciones.<\/li>\n<li>Impulsar la formaci\u00f3n y competencia del personal.<\/li>\n<li>Asegurar el control y la mejora de los procesos de dise\u00f1o y fabricaci\u00f3n.<\/li>\n<li>Evaluar riesgos y oportunidades que puedan afectar a la calidad y medio ambiente.<\/li>\n<\/ul>\n<p>La Direcci\u00f3n revisar\u00e1 peri\u00f3dicamente esta Pol\u00edtica para asegurar su adecuaci\u00f3n al prop\u00f3sito y contexto de la organizaci\u00f3n.<\/p>\n<p>Los responsables de los distintos departamentos reconocen la autoridad del Responsable de Calidad y Medioambiente, por delegaci\u00f3n expresa de la Direcci\u00f3n, comprometi\u00e9ndose a difundir, aplicar y mantener las directrices establecidas en la presente Pol\u00edtica.<\/p>\n<p><strong>LARS MARKWORT<\/strong><\/p>\n<p><strong>CEO<\/strong><\/p>\n<p>\u00a0<\/p>\n\t\t<\/div>\n\t\t\t\t\t<\/div>\n\n\t\n<\/div>\n\t\t<\/div>\n\n\t\t\n<style>\n#section_34295766 {\n  padding-top: 0px;\n  padding-bottom: 0px;\n}\n<\/style>\n\t<\/section>\n\t\n","protected":false},"excerpt":{"rendered":"","protected":false},"author":2,"featured_media":0,"parent":0,"menu_order":0,"comment_status":"closed","ping_status":"closed","template":"","meta":{"_acf_changed":false,"inline_featured_image":false,"footnotes":""},"class_list":["post-5885","page","type-page","status-publish","hentry"],"acf":[],"yoast_head":"<!-- This site is optimized with the Yoast SEO plugin v27.3 - https:\/\/yoast.com\/product\/yoast-seo-wordpress\/ -->\n<title>Politica de Calidad - Fluidnatek<\/title>\n<meta name=\"robots\" content=\"index, follow, max-snippet:-1, max-image-preview:large, max-video-preview:-1\" \/>\n<link rel=\"canonical\" href=\"https:\/\/fluidnatek.com\/es\/politica-de-calidad\/\" \/>\n<meta property=\"og:locale\" content=\"es_ES\" \/>\n<meta property=\"og:type\" content=\"article\" \/>\n<meta property=\"og:title\" content=\"Politica de Calidad - Fluidnatek\" \/>\n<meta property=\"og:url\" content=\"https:\/\/fluidnatek.com\/es\/politica-de-calidad\/\" \/>\n<meta property=\"og:site_name\" content=\"Fluidnatek\" \/>\n<meta property=\"article:modified_time\" content=\"2026-03-10T09:50:05+00:00\" \/>\n<meta name=\"twitter:card\" content=\"summary_large_image\" \/>\n<meta name=\"twitter:label1\" content=\"Tiempo de lectura\" \/>\n\t<meta name=\"twitter:data1\" content=\"3 minutos\" \/>\n<script type=\"application\/ld+json\" class=\"yoast-schema-graph\">{\"@context\":\"https:\\\/\\\/schema.org\",\"@graph\":[{\"@type\":\"WebPage\",\"@id\":\"https:\\\/\\\/fluidnatek.com\\\/es\\\/politica-de-calidad\\\/\",\"url\":\"https:\\\/\\\/fluidnatek.com\\\/es\\\/politica-de-calidad\\\/\",\"name\":\"Politica de Calidad - Fluidnatek\",\"isPartOf\":{\"@id\":\"https:\\\/\\\/fluidnatek.com\\\/es\\\/#website\"},\"datePublished\":\"2024-04-24T14:20:07+00:00\",\"dateModified\":\"2026-03-10T09:50:05+00:00\",\"breadcrumb\":{\"@id\":\"https:\\\/\\\/fluidnatek.com\\\/es\\\/politica-de-calidad\\\/#breadcrumb\"},\"inLanguage\":\"es\",\"potentialAction\":[{\"@type\":\"ReadAction\",\"target\":[\"https:\\\/\\\/fluidnatek.com\\\/es\\\/politica-de-calidad\\\/\"]}]},{\"@type\":\"BreadcrumbList\",\"@id\":\"https:\\\/\\\/fluidnatek.com\\\/es\\\/politica-de-calidad\\\/#breadcrumb\",\"itemListElement\":[{\"@type\":\"ListItem\",\"position\":1,\"name\":\"Home\",\"item\":\"https:\\\/\\\/fluidnatek.com\\\/es\\\/fluidnatek\\\/\"},{\"@type\":\"ListItem\",\"position\":2,\"name\":\"Politica de Calidad\"}]},{\"@type\":\"WebSite\",\"@id\":\"https:\\\/\\\/fluidnatek.com\\\/es\\\/#website\",\"url\":\"https:\\\/\\\/fluidnatek.com\\\/es\\\/\",\"name\":\"Fluidnatek\",\"description\":\"Your premium partner in Electrospinning-Electrospraying Equipment\",\"potentialAction\":[{\"@type\":\"SearchAction\",\"target\":{\"@type\":\"EntryPoint\",\"urlTemplate\":\"https:\\\/\\\/fluidnatek.com\\\/es\\\/?s={search_term_string}\"},\"query-input\":{\"@type\":\"PropertyValueSpecification\",\"valueRequired\":true,\"valueName\":\"search_term_string\"}}],\"inLanguage\":\"es\"}]}<\/script>\n<!-- \/ Yoast SEO plugin. -->","yoast_head_json":{"title":"Politica de Calidad - Fluidnatek","robots":{"index":"index","follow":"follow","max-snippet":"max-snippet:-1","max-image-preview":"max-image-preview:large","max-video-preview":"max-video-preview:-1"},"canonical":"https:\/\/fluidnatek.com\/es\/politica-de-calidad\/","og_locale":"es_ES","og_type":"article","og_title":"Politica de Calidad - Fluidnatek","og_url":"https:\/\/fluidnatek.com\/es\/politica-de-calidad\/","og_site_name":"Fluidnatek","article_modified_time":"2026-03-10T09:50:05+00:00","twitter_card":"summary_large_image","twitter_misc":{"Tiempo de lectura":"3 minutos"},"schema":{"@context":"https:\/\/schema.org","@graph":[{"@type":"WebPage","@id":"https:\/\/fluidnatek.com\/es\/politica-de-calidad\/","url":"https:\/\/fluidnatek.com\/es\/politica-de-calidad\/","name":"Politica de Calidad - Fluidnatek","isPartOf":{"@id":"https:\/\/fluidnatek.com\/es\/#website"},"datePublished":"2024-04-24T14:20:07+00:00","dateModified":"2026-03-10T09:50:05+00:00","breadcrumb":{"@id":"https:\/\/fluidnatek.com\/es\/politica-de-calidad\/#breadcrumb"},"inLanguage":"es","potentialAction":[{"@type":"ReadAction","target":["https:\/\/fluidnatek.com\/es\/politica-de-calidad\/"]}]},{"@type":"BreadcrumbList","@id":"https:\/\/fluidnatek.com\/es\/politica-de-calidad\/#breadcrumb","itemListElement":[{"@type":"ListItem","position":1,"name":"Home","item":"https:\/\/fluidnatek.com\/es\/fluidnatek\/"},{"@type":"ListItem","position":2,"name":"Politica de Calidad"}]},{"@type":"WebSite","@id":"https:\/\/fluidnatek.com\/es\/#website","url":"https:\/\/fluidnatek.com\/es\/","name":"Fluidnatek","description":"Your premium partner in Electrospinning-Electrospraying Equipment","potentialAction":[{"@type":"SearchAction","target":{"@type":"EntryPoint","urlTemplate":"https:\/\/fluidnatek.com\/es\/?s={search_term_string}"},"query-input":{"@type":"PropertyValueSpecification","valueRequired":true,"valueName":"search_term_string"}}],"inLanguage":"es"}]}},"_links":{"self":[{"href":"https:\/\/fluidnatek.com\/es\/wp-json\/wp\/v2\/pages\/5885","targetHints":{"allow":["GET"]}}],"collection":[{"href":"https:\/\/fluidnatek.com\/es\/wp-json\/wp\/v2\/pages"}],"about":[{"href":"https:\/\/fluidnatek.com\/es\/wp-json\/wp\/v2\/types\/page"}],"author":[{"embeddable":true,"href":"https:\/\/fluidnatek.com\/es\/wp-json\/wp\/v2\/users\/2"}],"replies":[{"embeddable":true,"href":"https:\/\/fluidnatek.com\/es\/wp-json\/wp\/v2\/comments?post=5885"}],"version-history":[{"count":9,"href":"https:\/\/fluidnatek.com\/es\/wp-json\/wp\/v2\/pages\/5885\/revisions"}],"predecessor-version":[{"id":12836,"href":"https:\/\/fluidnatek.com\/es\/wp-json\/wp\/v2\/pages\/5885\/revisions\/12836"}],"wp:attachment":[{"href":"https:\/\/fluidnatek.com\/es\/wp-json\/wp\/v2\/media?parent=5885"}],"curies":[{"name":"wp","href":"https:\/\/api.w.org\/{rel}","templated":true}]}}