{"id":54,"date":"2023-10-06T06:56:44","date_gmt":"2023-10-06T06:56:44","guid":{"rendered":"http:\/\/fluidnatek.com\/?page_id=54"},"modified":"2024-03-25T16:15:15","modified_gmt":"2024-03-25T16:15:15","slug":"energia","status":"publish","type":"page","link":"https:\/\/fluidnatek.com\/es\/aplicaciones-electrospinning\/energia\/","title":{"rendered":"Energ\u00eda"},"content":{"rendered":"\n\t<section class=\"section cover-half\" id=\"section_1738436662\">\n\t\t<div class=\"section-bg fill\" >\n\t\t\t<img loading=\"lazy\" decoding=\"async\" width=\"1920\" height=\"742\" src=\"https:\/\/fluidnatek.com\/wp-content\/uploads\/2023\/10\/energy.jpg\" class=\"bg attachment-original size-original\" alt=\"\" \/>\t\t\t\t\t\t<div class=\"section-bg-overlay absolute fill\"><\/div>\n\t\t\t\n\n\t\t<\/div>\n\n\t\t\n\n\t\t<div class=\"section-content relative\">\n\t\t\t\n<div class=\"row row-collapse\"  id=\"row-88077572\">\n\n\t<div id=\"col-772895485\" class=\"col small-12 large-12\"  >\n\t\t\t\t<div class=\"col-inner\"  >\n\t\t\t\n\t\t\t\n<h2 class=\"margin-bottom-0 head-l color-white\">Reach the next level in membranes<br \/>\nfor <span class=\"color-green-light-sea\">energy applications<\/span> with<br \/>\nnanofibers &amp; nanoparticles<\/h2>\n<a href=\"\/es\/contacto\" class=\"button primary button-primary variant-arrow-blue margin-top-m\" >\n\t\t<span>M\u00e1s informaci\u00f3n<\/span>\n\t<\/a>\n\n\t\t<\/div>\n\t\t\t\t\t<\/div>\n\n\t\n<\/div>\n\t\t<\/div>\n\n\t\t\n<style>\n#section_1738436662 {\n  padding-top: 0pc;\n  padding-bottom: 0pc;\n}\n#section_1738436662 .section-bg-overlay {\n  background-color: rgba(37, 74, 116, 0.55);\n}\n<\/style>\n\t<\/section>\n\t\n\n\t<section class=\"section padding-top-l padding-right-s padding-bottom-xl padding-left-s\" id=\"section_1572142014\">\n\t\t<div class=\"section-bg fill\" >\n\t\t\t\t\t\t\t\t\t\n\t\t\t\n\n\t\t<\/div>\n\n\t\t\n\n\t\t<div class=\"section-content relative\">\n\t\t\t\n<div class=\"row row-collapse\"  id=\"row-511160959\">\n\n\t<div id=\"col-1885945329\" class=\"col small-12 large-12\"  >\n\t\t\t\t<div class=\"col-inner\"  >\n\t\t\t\n\t\t\t\n<h1 class=\"head-corporative margin-bottom-s head-m\">Energ\u00eda<\/h1>\n\t\t<\/div>\n\t\t\t\t\t<\/div>\n\n\t\n<\/div>\n<div class=\"row row-collapse column-image-full-height has-network-node\"  id=\"row-1526504686\">\n\n\t<div id=\"col-842060053\" class=\"col medium-6 small-12 large-6\"  >\n\t\t\t\t<div class=\"col-inner\"  >\n\t\t\t\n\t\t\t\n<p class=\"body-m\">En los \u00faltimos a\u00f1os ha surgido un boom de las nanofibras por electrospinning en aplicaciones energ\u00e9ticas, destacando especialmente para el suministro y almacenamiento de energ\u00eda.<\/p>\n<p class=\"body-m\">Actualmente, la t\u00e9cnica de electrospinning est\u00e1 siendo empleada\u00a0 tambi\u00e9n en el desarrollo de membranas y recubrimientos orientadas hacia productos y aplicaciones relacionados con la energ\u00eda: bater\u00edas, supercondensadores y otros dispositivos para almacenamiento de energ\u00eda, favorecer la cat\u00e1lisis qu\u00edmica en dispositivos para producci\u00f3n de hidr\u00f3geno verde u otras sustancias, c\u00e9lulas solares que implementan una capa de nanofibras para favorecer la conducci\u00f3n electr\u00f3nica, etc. Esto incluye un enfoque particular del electrospinning para el suministro y almacenamiento de energ\u00eda, debido a su particular relevancia.<\/p>\n<p class=\"body-m\">En todas estas posibles aplicaciones, el hecho de que las membranas de nanofibras ofrecen una alta porosidad y alta superficie espec\u00edfica las convierte en estructuras id\u00f3neas para un trasiego de iones altamente eficiente. Adem\u00e1s en funci\u00f3n de los materiales utilizados y la estructura generada mediante electrospinning se puede alcanzar una aceptable estabilidad t\u00e9rmica a lo largo del tiempo, unas propiedades mec\u00e1nicas adecuadas seg\u00fan la aplicaci\u00f3n, y una disminuci\u00f3n de los ratios de degradaci\u00f3n en los procesos de carga y descarga (en el caso de separadores). Estas propiedades de las membranas electrospun son parte de las razones por las que las nanofibras en aplicaciones energ\u00e9ticas, en particular para el electrospinning de c\u00e9lulas solares, es cada vez m\u00e1s utilizado por los investigadores y tambi\u00e9n por algunos fabricantes.<\/p>\n<p class=\"body-m\">Otro detalle importante en la era actual es que tanto el grafeno como \u00f3xidos de grafeno pueden ser procesados mediante electrospinning. El grafeno es un material con grandes aspiraciones en la generaci\u00f3n de productos m\u00e1s eficientes en el \u00e1mbito del almacenamiento y transmisi\u00f3n de energ\u00eda, incluyendo aplicaciones del electrospinning para c\u00e9lulas solares.<\/p>\n<p class=\"body-m\">Todo ello hace que la tecnolog\u00eda de electrospinning principalmente, pero tambi\u00e9n la tecnolog\u00eda de electrospraying est\u00e9n cada vez m\u00e1s presentes en nuevos desarrollos orientados a mejorar las prestaciones y\/o a reducir costes en distintas aplicaciones relacionadas con la energ\u00eda.<\/p>\n<p class=\"body-m\">El electrospinning en aplicaciones energ\u00e9ticas puede aportar interesantes ventajas, como una elevada relaci\u00f3n superficie-volumen y una alta porosidad, lo que mejora el rendimiento de los dispositivos de almacenamiento de energ\u00eda. Las aplicaciones de almacenamiento de energ\u00eda por electrospinning incluyen bater\u00edas avanzadas, supercondensadores, pilas de combustible y membranas catal\u00edticas, en general, donde las nanofibras act\u00faan como electrodos eficaces. La flexibilidad del electrospinning permite fabricar una amplia gama de materiales, lo que ampl\u00eda cada vez m\u00e1s su uso.<\/p>\n<p class=\"margin-bottom-0 body-m\">Adem\u00e1s, las aplicaciones de almacenamiento de energ\u00eda con electrospinning se benefician de la rentabilidad y escalabilidad de la t\u00e9cnica. Por lo tanto, el uso del electrospinning en el almacenamiento de energ\u00eda sigue creciendo, gracias a sus ventajas inherentes.<\/p>\n\t\t<\/div>\n\t\t\t\t\t<\/div>\n\n\t\n\n\t<div id=\"col-1902979052\" class=\"col medium-6 small-12 large-6\"  >\n\t\t\t\t<div class=\"col-inner\"  >\n\t\t\t\n\t\t\t\n\t<div class=\"img has-hover hero-image x md-x lg-x y md-y lg-y\" id=\"image_1232433711\">\n\t\t\t\t\t\t\t\t<div class=\"img-inner dark\" >\n\t\t\t<img loading=\"lazy\" decoding=\"async\" width=\"734\" height=\"1080\" src=\"https:\/\/fluidnatek.com\/wp-content\/uploads\/2023\/10\/pharmaceutic-products.jpg\" class=\"attachment-original size-original\" alt=\"\" srcset=\"https:\/\/fluidnatek.com\/wp-content\/uploads\/2023\/10\/pharmaceutic-products.jpg 734w, https:\/\/fluidnatek.com\/wp-content\/uploads\/2023\/10\/pharmaceutic-products-204x300.jpg 204w, https:\/\/fluidnatek.com\/wp-content\/uploads\/2023\/10\/pharmaceutic-products-696x1024.jpg 696w\" sizes=\"auto, (max-width: 734px) 100vw, 734px\" \/>\t\t\t\t\t\t\n\t\t\t\t\t<\/div>\n\t\t\t\t\t\t\t\t\n<style>\n#image_1232433711 {\n  width: 100%;\n}\n<\/style>\n\t<\/div>\n\t\n\t\t<\/div>\n\t\t\t\t\t<\/div>\n\n\t\n<\/div>\n\t\t<\/div>\n\n\t\t\n<style>\n#section_1572142014 {\n  padding-top: 30px;\n  padding-bottom: 30px;\n}\n<\/style>\n\t<\/section>\n\t\n<div class=\"row\"  id=\"row-1050487869\">\n\n\t<div id=\"col-1527752640\" class=\"col small-12 large-12\"  >\n\t\t\t\t<div class=\"col-inner\"  >\n\t\t\t\n\t\t\t\n\n  \n    <div class=\"row large-columns-2 medium-columns-1 small-columns-1 row-small\" >\n  <div class=\"col post-item\" >\n\t\t\t<div class=\"col-inner\">\n\t\t\t\t<div class=\"box box-normal box-text-bottom box-blog-post has-hover\">\n            \t\t\t\t\t<div class=\"box-image\" >\n  \t\t\t\t\t\t<div class=\"image-cover\" style=\"padding-top:56.25%;\">\n\t\t\t\t\t\t\t<a href=\"https:\/\/fluidnatek.com\/es\/nanofibras-electrospun-de-oxido-de-cobre-para-energia\/\" class=\"plain\" aria-label=\"Nanofibras electrospun de \u00f3xido de cobre para energ\u00eda\">\n\t\t\t\t\t\t\t\t<img loading=\"lazy\" decoding=\"async\" width=\"1200\" height=\"627\" src=\"https:\/\/fluidnatek.com\/wp-content\/uploads\/2025\/07\/copper_oxide_powder.jpg\" class=\"attachment-original size-original wp-post-image\" alt=\"copper_oxide_powder\" srcset=\"https:\/\/fluidnatek.com\/wp-content\/uploads\/2025\/07\/copper_oxide_powder.jpg 1200w, https:\/\/fluidnatek.com\/wp-content\/uploads\/2025\/07\/copper_oxide_powder-300x157.jpg 300w, https:\/\/fluidnatek.com\/wp-content\/uploads\/2025\/07\/copper_oxide_powder-1024x535.jpg 1024w, https:\/\/fluidnatek.com\/wp-content\/uploads\/2025\/07\/copper_oxide_powder-768x401.jpg 768w\" sizes=\"auto, (max-width: 1200px) 100vw, 1200px\" \/>\t\t\t\t\t\t\t<\/a>\n  \t\t\t\t\t\t\t  \t\t\t\t\t\t\t  \t\t\t\t\t\t<\/div>\n  \t\t\t\t\t\t  \t\t\t\t\t<\/div>\n          \t\t\t\t\t<div class=\"box-text text-center\" >\n\t\t\t\t\t<div class=\"box-text-inner blog-post-inner\">\n\n\t\t\t\t\t\n\t\t\t\t\t\t\t\t\t\t<h5 class=\"post-title is-large \">\n\t\t\t\t\t\t<a href=\"https:\/\/fluidnatek.com\/es\/nanofibras-electrospun-de-oxido-de-cobre-para-energia\/\" class=\"plain\">Nanofibras electrospun de \u00f3xido de cobre para energ\u00eda<\/a>\n\t\t\t\t\t<\/h5>\n\t\t\t\t\t\t\t\t\t\t<div class=\"is-divider\"><\/div>\n\t\t\t\t\t\t\t\t\t\t<p class=\"from_the_blog_excerpt \">\n\t\t\t\t\t\tIntroducci\u00f3n: La necesidad de materiales avanzados en la transici\u00f3n energ\u00e9tica El impulso global hacia soluciones [...]\t\t\t\t\t<\/p>\n\t\t\t\t\t                    \n\t\t\t\t\t\n\t\t\t\t\t\n\t\t\t\t\t<\/div>\n\t\t\t\t\t<\/div>\n\t\t\t\t\t\t\t\t\t<\/div>\n\t\t\t<\/div>\n\t\t<\/div><div class=\"col post-item\" >\n\t\t\t<div class=\"col-inner\">\n\t\t\t\t<div class=\"box box-normal box-text-bottom box-blog-post has-hover\">\n            \t\t\t\t\t<div class=\"box-image\" >\n  \t\t\t\t\t\t<div class=\"image-cover\" style=\"padding-top:56.25%;\">\n\t\t\t\t\t\t\t<a href=\"https:\/\/fluidnatek.com\/es\/membranas-electrospun-baterias\/\" class=\"plain\" aria-label=\"Membranas electrospun en bater\u00edas: Mejora del rendimiento y la eficiencia\">\n\t\t\t\t\t\t\t\t<img loading=\"lazy\" decoding=\"async\" width=\"1600\" height=\"860\" src=\"https:\/\/fluidnatek.com\/wp-content\/uploads\/2025\/04\/Electrospun-Membrane-in-Batteries.png\" class=\"attachment-original size-original wp-post-image\" alt=\"Electrospun Membrane in Batteries\" srcset=\"https:\/\/fluidnatek.com\/wp-content\/uploads\/2025\/04\/Electrospun-Membrane-in-Batteries.png 1600w, https:\/\/fluidnatek.com\/wp-content\/uploads\/2025\/04\/Electrospun-Membrane-in-Batteries-300x161.png 300w, https:\/\/fluidnatek.com\/wp-content\/uploads\/2025\/04\/Electrospun-Membrane-in-Batteries-1024x550.png 1024w, https:\/\/fluidnatek.com\/wp-content\/uploads\/2025\/04\/Electrospun-Membrane-in-Batteries-768x413.png 768w, https:\/\/fluidnatek.com\/wp-content\/uploads\/2025\/04\/Electrospun-Membrane-in-Batteries-1536x826.png 1536w\" sizes=\"auto, (max-width: 1600px) 100vw, 1600px\" \/>\t\t\t\t\t\t\t<\/a>\n  \t\t\t\t\t\t\t  \t\t\t\t\t\t\t  \t\t\t\t\t\t<\/div>\n  \t\t\t\t\t\t  \t\t\t\t\t<\/div>\n          \t\t\t\t\t<div class=\"box-text text-center\" >\n\t\t\t\t\t<div class=\"box-text-inner blog-post-inner\">\n\n\t\t\t\t\t\n\t\t\t\t\t\t\t\t\t\t<h5 class=\"post-title is-large \">\n\t\t\t\t\t\t<a href=\"https:\/\/fluidnatek.com\/es\/membranas-electrospun-baterias\/\" class=\"plain\">Membranas electrospun en bater\u00edas: Mejora del rendimiento y la eficiencia<\/a>\n\t\t\t\t\t<\/h5>\n\t\t\t\t\t\t\t\t\t\t<div class=\"is-divider\"><\/div>\n\t\t\t\t\t\t\t\t\t\t<p class=\"from_the_blog_excerpt \">\n\t\t\t\t\t\tLa demanda de soluciones de almacenamiento de energ\u00eda de alto rendimiento est\u00e1 aumentando r\u00e1pidamente, lo [...]\t\t\t\t\t<\/p>\n\t\t\t\t\t                    \n\t\t\t\t\t\n\t\t\t\t\t\n\t\t\t\t\t<\/div>\n\t\t\t\t\t<\/div>\n\t\t\t\t\t\t\t\t\t<\/div>\n\t\t\t<\/div>\n\t\t<\/div><div class=\"col post-item\" >\n\t\t\t<div class=\"col-inner\">\n\t\t\t\t<div class=\"box box-normal box-text-bottom box-blog-post has-hover\">\n            \t\t\t\t\t<div class=\"box-image\" >\n  \t\t\t\t\t\t<div class=\"image-cover\" style=\"padding-top:56.25%;\">\n\t\t\t\t\t\t\t<a href=\"https:\/\/fluidnatek.com\/es\/tecnicas-de-electrospinning-para-la-generacion-y-el-almacenamiento-de-energia\/\" class=\"plain\" aria-label=\"T\u00e9cnicas de electrospinning para la generaci\u00f3n y el almacenamiento de energ\u00eda\">\n\t\t\t\t\t\t\t\t<img loading=\"lazy\" decoding=\"async\" width=\"1600\" height=\"860\" src=\"https:\/\/fluidnatek.com\/wp-content\/uploads\/2025\/03\/Energy-Generation-and-Storage-main.png\" class=\"attachment-original size-original wp-post-image\" alt=\"electrospinning-energy-generation-storage\" srcset=\"https:\/\/fluidnatek.com\/wp-content\/uploads\/2025\/03\/Energy-Generation-and-Storage-main.png 1600w, https:\/\/fluidnatek.com\/wp-content\/uploads\/2025\/03\/Energy-Generation-and-Storage-main-300x161.png 300w, https:\/\/fluidnatek.com\/wp-content\/uploads\/2025\/03\/Energy-Generation-and-Storage-main-1024x550.png 1024w, https:\/\/fluidnatek.com\/wp-content\/uploads\/2025\/03\/Energy-Generation-and-Storage-main-768x413.png 768w, https:\/\/fluidnatek.com\/wp-content\/uploads\/2025\/03\/Energy-Generation-and-Storage-main-1536x826.png 1536w\" sizes=\"auto, (max-width: 1600px) 100vw, 1600px\" \/>\t\t\t\t\t\t\t<\/a>\n  \t\t\t\t\t\t\t  \t\t\t\t\t\t\t  \t\t\t\t\t\t<\/div>\n  \t\t\t\t\t\t  \t\t\t\t\t<\/div>\n          \t\t\t\t\t<div class=\"box-text text-center\" >\n\t\t\t\t\t<div class=\"box-text-inner blog-post-inner\">\n\n\t\t\t\t\t\n\t\t\t\t\t\t\t\t\t\t<h5 class=\"post-title is-large \">\n\t\t\t\t\t\t<a href=\"https:\/\/fluidnatek.com\/es\/tecnicas-de-electrospinning-para-la-generacion-y-el-almacenamiento-de-energia\/\" class=\"plain\">T\u00e9cnicas de electrospinning para la generaci\u00f3n y el almacenamiento de energ\u00eda<\/a>\n\t\t\t\t\t<\/h5>\n\t\t\t\t\t\t\t\t\t\t<div class=\"is-divider\"><\/div>\n\t\t\t\t\t\t\t\t\t\t<p class=\"from_the_blog_excerpt \">\n\t\t\t\t\t\tEl electrospinning es ampliamente conocida por su papel en la producci\u00f3n de nanofibras, pero tambi\u00e9n [...]\t\t\t\t\t<\/p>\n\t\t\t\t\t                    \n\t\t\t\t\t\n\t\t\t\t\t\n\t\t\t\t\t<\/div>\n\t\t\t\t\t<\/div>\n\t\t\t\t\t\t\t\t\t<\/div>\n\t\t\t<\/div>\n\t\t<\/div><div class=\"col post-item\" >\n\t\t\t<div class=\"col-inner\">\n\t\t\t\t<div class=\"box box-normal box-text-bottom box-blog-post has-hover\">\n            \t\t\t\t\t<div class=\"box-image\" >\n  \t\t\t\t\t\t<div class=\"image-cover\" style=\"padding-top:56.25%;\">\n\t\t\t\t\t\t\t<a href=\"https:\/\/fluidnatek.com\/es\/bipolar-membranes-with-3d-electrospun-junction-and-polymeric-catalyst-for-energy-applications-hydrogen-production\/\" class=\"plain\" aria-label=\"Membranas bipolares con uni\u00f3n electrohilada 3D y catalizador polim\u00e9rico para aplicaciones energ\u00e9ticas: producci\u00f3n de hidr\u00f3geno&#8230;\">\n\t\t\t\t\t\t\t\t<img loading=\"lazy\" decoding=\"async\" width=\"734\" height=\"480\" src=\"https:\/\/fluidnatek.com\/wp-content\/uploads\/2024\/02\/fluidnatek-bioinica-energy.jpg\" class=\"attachment-original size-original wp-post-image\" alt=\"\" srcset=\"https:\/\/fluidnatek.com\/wp-content\/uploads\/2024\/02\/fluidnatek-bioinica-energy.jpg 734w, https:\/\/fluidnatek.com\/wp-content\/uploads\/2024\/02\/fluidnatek-bioinica-energy-300x196.jpg 300w\" sizes=\"auto, (max-width: 734px) 100vw, 734px\" \/>\t\t\t\t\t\t\t<\/a>\n  \t\t\t\t\t\t\t  \t\t\t\t\t\t\t  \t\t\t\t\t\t<\/div>\n  \t\t\t\t\t\t  \t\t\t\t\t<\/div>\n          \t\t\t\t\t<div class=\"box-text text-center\" >\n\t\t\t\t\t<div class=\"box-text-inner blog-post-inner\">\n\n\t\t\t\t\t\n\t\t\t\t\t\t\t\t\t\t<h5 class=\"post-title is-large \">\n\t\t\t\t\t\t<a href=\"https:\/\/fluidnatek.com\/es\/bipolar-membranes-with-3d-electrospun-junction-and-polymeric-catalyst-for-energy-applications-hydrogen-production\/\" class=\"plain\">Membranas bipolares con uni\u00f3n electrohilada 3D y catalizador polim\u00e9rico para aplicaciones energ\u00e9ticas: producci\u00f3n de hidr\u00f3geno&#8230;<\/a>\n\t\t\t\t\t<\/h5>\n\t\t\t\t\t\t\t\t\t\t<div class=\"is-divider\"><\/div>\n\t\t\t\t\t\t\t\t\t\t<p class=\"from_the_blog_excerpt \">\n\t\t\t\t\t\tEl objetivo de este art\u00edculo es investigar el uso de uniones de membranas 3D obtenidas [...]\t\t\t\t\t<\/p>\n\t\t\t\t\t                    \n\t\t\t\t\t\n\t\t\t\t\t\n\t\t\t\t\t<\/div>\n\t\t\t\t\t<\/div>\n\t\t\t\t\t\t\t\t\t<\/div>\n\t\t\t<\/div>\n\t\t<\/div><\/div>\n\t\t<\/div>\n\t\t\t\t\t<\/div>\n\n\t\n<\/div>\n\n\t<section class=\"section padding-right-s padding-bottom-l padding-left-s\" id=\"section_888251798\">\n\t\t<div class=\"section-bg fill\" >\n\t\t\t\t\t\t\t\t\t\n\t\t\t\n\n\t\t<\/div>\n\n\t\t\n\n\t\t<div class=\"section-content relative\">\n\t\t\t\n<div class=\"row row-collapse\"  id=\"row-914748641\">\n\n\t<div id=\"col-1084301904\" class=\"col small-12 large-12\"  >\n\t\t\t\t<div class=\"col-inner\"  >\n\t\t\t\n\t\t\t\n<h2 class=\"head-corporative margin-bottom-0 head-m\">Conoce otras aplicaciones<\/h2>\n\t\t<\/div>\n\t\t\t\t\t<\/div>\n\n\t\n<\/div>\n<div class=\"row row-collapse display-grid grid-template-columns-5 md-grid-template-columns-3 sm-grid-template-columns-1 grid-gap-m sm-grid-gap-s padding-top-m\"  id=\"row-1584999779\">\n\n\t<div id=\"col-1655641193\" class=\"col small-12 large-12\"  >\n\t\t\t\t<div class=\"col-inner\"  >\n\t\t\t\n\t\t\t\n<a href=\"\/es\/aplicaciones-electrospinning\/administracion-farmacos\/\" class=\"button primary button-secondary variant-full-width\" >\n\t\t<span>Farmac\u00e9utico<\/span>\n\t<\/a>\n\n\t\t<\/div>\n\t\t\t\t\t<\/div>\n\n\t\n\n\t<div id=\"col-1991228109\" class=\"col small-12 large-12\"  >\n\t\t\t\t<div class=\"col-inner\"  >\n\t\t\t\n\t\t\t\n<a href=\"\/es\/aplicaciones-electrospinning\/biomedico\/\" class=\"button primary button-secondary variant-full-width\" >\n\t\t<span>Biom\u00e9dico<\/span>\n\t<\/a>\n\n\t\t<\/div>\n\t\t\t\t\t<\/div>\n\n\t\n\n\t<div id=\"col-1358119591\" class=\"col small-12 large-12\"  >\n\t\t\t\t<div class=\"col-inner\"  >\n\t\t\t\n\t\t\t\n<a href=\"\/es\/aplicaciones-electrospinning\/filtracion\/\" class=\"button primary button-secondary variant-full-width\" >\n\t\t<span>Filtraci\u00f3n<\/span>\n\t<\/a>\n\n\t\t<\/div>\n\t\t\t\t\t<\/div>\n\n\t\n\n\t<div id=\"col-2076462802\" class=\"col small-12 large-12\"  >\n\t\t\t\t<div class=\"col-inner\"  >\n\t\t\t\n\t\t\t\n<a href=\"\/es\/aplicaciones-electrospinning\/materiales-electrohilados\/\" class=\"button primary button-secondary variant-full-width\" >\n\t\t<span>Nuevos materiales<\/span>\n\t<\/a>\n\n\t\t<\/div>\n\t\t\t\t\t<\/div>\n\n\t\n\n\t<div id=\"col-1219553431\" class=\"col small-12 large-12\"  >\n\t\t\t\t<div class=\"col-inner\"  >\n\t\t\t\n\t\t\t\n<a href=\"http:\/\/fluidnatek.com\/es\/aplicaciones-electrospinning\/cosmetica\/\" class=\"button primary button-secondary variant-full-width\" >\n\t\t<span>Cosm\u00e9tica<\/span>\n\t<\/a>\n\n\t\t<\/div>\n\t\t\t\t\t<\/div>\n\n\t\n<\/div>\n\t\t<\/div>\n\n\t\t\n<style>\n#section_888251798 {\n  padding-top: 0px;\n  padding-bottom: 0px;\n}\n<\/style>\n\t<\/section>\n\t\n","protected":false},"excerpt":{"rendered":"","protected":false},"author":1,"featured_media":0,"parent":18,"menu_order":0,"comment_status":"closed","ping_status":"closed","template":"page-transparent-header.php","meta":{"_acf_changed":false,"inline_featured_image":false,"footnotes":""},"class_list":["post-54","page","type-page","status-publish","hentry"],"acf":[],"yoast_head":"<!-- This site is optimized with the Yoast SEO plugin v27.3 - https:\/\/yoast.com\/product\/yoast-seo-wordpress\/ -->\n<title>Aplicaciones para la Energ\u00eda con Nanofibras | Fluidnatek<\/title>\n<meta name=\"description\" content=\"Los sistemas de electrospinning se utilizan para fabricar dispositivos para almacenar energ\u00eda. Superficie porosa perfecta para transferir.\" \/>\n<meta name=\"robots\" content=\"index, follow, max-snippet:-1, max-image-preview:large, max-video-preview:-1\" \/>\n<link rel=\"canonical\" href=\"https:\/\/fluidnatek.com\/es\/aplicaciones-electrospinning\/energia\/\" \/>\n<meta property=\"og:locale\" content=\"es_ES\" \/>\n<meta property=\"og:type\" content=\"article\" \/>\n<meta property=\"og:title\" content=\"Aplicaciones para la Energ\u00eda con Nanofibras | Fluidnatek\" \/>\n<meta property=\"og:description\" content=\"Los sistemas de electrospinning se utilizan para fabricar dispositivos para almacenar energ\u00eda. Superficie porosa perfecta para transferir.\" \/>\n<meta property=\"og:url\" content=\"https:\/\/fluidnatek.com\/es\/aplicaciones-electrospinning\/energia\/\" \/>\n<meta property=\"og:site_name\" content=\"Fluidnatek\" \/>\n<meta property=\"article:modified_time\" content=\"2024-03-25T16:15:15+00:00\" \/>\n<meta name=\"twitter:card\" content=\"summary_large_image\" \/>\n<meta name=\"twitter:label1\" content=\"Tiempo de lectura\" \/>\n\t<meta name=\"twitter:data1\" content=\"2 minutos\" \/>\n<script type=\"application\/ld+json\" class=\"yoast-schema-graph\">{\"@context\":\"https:\\\/\\\/schema.org\",\"@graph\":[{\"@type\":\"WebPage\",\"@id\":\"https:\\\/\\\/fluidnatek.com\\\/es\\\/aplicaciones-electrospinning\\\/energia\\\/\",\"url\":\"https:\\\/\\\/fluidnatek.com\\\/es\\\/aplicaciones-electrospinning\\\/energia\\\/\",\"name\":\"Aplicaciones para la Energ\u00eda con Nanofibras | Fluidnatek\",\"isPartOf\":{\"@id\":\"https:\\\/\\\/fluidnatek.com\\\/es\\\/#website\"},\"datePublished\":\"2023-10-06T06:56:44+00:00\",\"dateModified\":\"2024-03-25T16:15:15+00:00\",\"description\":\"Los sistemas de electrospinning se utilizan para fabricar dispositivos para almacenar energ\u00eda. Superficie porosa perfecta para transferir.\",\"breadcrumb\":{\"@id\":\"https:\\\/\\\/fluidnatek.com\\\/es\\\/aplicaciones-electrospinning\\\/energia\\\/#breadcrumb\"},\"inLanguage\":\"es\",\"potentialAction\":[{\"@type\":\"ReadAction\",\"target\":[\"https:\\\/\\\/fluidnatek.com\\\/es\\\/aplicaciones-electrospinning\\\/energia\\\/\"]}]},{\"@type\":\"BreadcrumbList\",\"@id\":\"https:\\\/\\\/fluidnatek.com\\\/es\\\/aplicaciones-electrospinning\\\/energia\\\/#breadcrumb\",\"itemListElement\":[{\"@type\":\"ListItem\",\"position\":1,\"name\":\"Home\",\"item\":\"https:\\\/\\\/fluidnatek.com\\\/es\\\/fluidnatek\\\/\"},{\"@type\":\"ListItem\",\"position\":2,\"name\":\"Aplicaciones\",\"item\":\"https:\\\/\\\/fluidnatek.com\\\/es\\\/aplicaciones-electrospinning\\\/\"},{\"@type\":\"ListItem\",\"position\":3,\"name\":\"Energ\u00eda\"}]},{\"@type\":\"WebSite\",\"@id\":\"https:\\\/\\\/fluidnatek.com\\\/es\\\/#website\",\"url\":\"https:\\\/\\\/fluidnatek.com\\\/es\\\/\",\"name\":\"Fluidnatek\",\"description\":\"Your premium partner in Electrospinning-Electrospraying Equipment\",\"potentialAction\":[{\"@type\":\"SearchAction\",\"target\":{\"@type\":\"EntryPoint\",\"urlTemplate\":\"https:\\\/\\\/fluidnatek.com\\\/es\\\/?s={search_term_string}\"},\"query-input\":{\"@type\":\"PropertyValueSpecification\",\"valueRequired\":true,\"valueName\":\"search_term_string\"}}],\"inLanguage\":\"es\"}]}<\/script>\n<!-- \/ Yoast SEO plugin. -->","yoast_head_json":{"title":"Aplicaciones para la Energ\u00eda con Nanofibras | Fluidnatek","description":"Los sistemas de electrospinning se utilizan para fabricar dispositivos para almacenar energ\u00eda. Superficie porosa perfecta para transferir.","robots":{"index":"index","follow":"follow","max-snippet":"max-snippet:-1","max-image-preview":"max-image-preview:large","max-video-preview":"max-video-preview:-1"},"canonical":"https:\/\/fluidnatek.com\/es\/aplicaciones-electrospinning\/energia\/","og_locale":"es_ES","og_type":"article","og_title":"Aplicaciones para la Energ\u00eda con Nanofibras | Fluidnatek","og_description":"Los sistemas de electrospinning se utilizan para fabricar dispositivos para almacenar energ\u00eda. Superficie porosa perfecta para transferir.","og_url":"https:\/\/fluidnatek.com\/es\/aplicaciones-electrospinning\/energia\/","og_site_name":"Fluidnatek","article_modified_time":"2024-03-25T16:15:15+00:00","twitter_card":"summary_large_image","twitter_misc":{"Tiempo de lectura":"2 minutos"},"schema":{"@context":"https:\/\/schema.org","@graph":[{"@type":"WebPage","@id":"https:\/\/fluidnatek.com\/es\/aplicaciones-electrospinning\/energia\/","url":"https:\/\/fluidnatek.com\/es\/aplicaciones-electrospinning\/energia\/","name":"Aplicaciones para la Energ\u00eda con Nanofibras | Fluidnatek","isPartOf":{"@id":"https:\/\/fluidnatek.com\/es\/#website"},"datePublished":"2023-10-06T06:56:44+00:00","dateModified":"2024-03-25T16:15:15+00:00","description":"Los sistemas de electrospinning se utilizan para fabricar dispositivos para almacenar energ\u00eda. Superficie porosa perfecta para transferir.","breadcrumb":{"@id":"https:\/\/fluidnatek.com\/es\/aplicaciones-electrospinning\/energia\/#breadcrumb"},"inLanguage":"es","potentialAction":[{"@type":"ReadAction","target":["https:\/\/fluidnatek.com\/es\/aplicaciones-electrospinning\/energia\/"]}]},{"@type":"BreadcrumbList","@id":"https:\/\/fluidnatek.com\/es\/aplicaciones-electrospinning\/energia\/#breadcrumb","itemListElement":[{"@type":"ListItem","position":1,"name":"Home","item":"https:\/\/fluidnatek.com\/es\/fluidnatek\/"},{"@type":"ListItem","position":2,"name":"Aplicaciones","item":"https:\/\/fluidnatek.com\/es\/aplicaciones-electrospinning\/"},{"@type":"ListItem","position":3,"name":"Energ\u00eda"}]},{"@type":"WebSite","@id":"https:\/\/fluidnatek.com\/es\/#website","url":"https:\/\/fluidnatek.com\/es\/","name":"Fluidnatek","description":"Your premium partner in Electrospinning-Electrospraying Equipment","potentialAction":[{"@type":"SearchAction","target":{"@type":"EntryPoint","urlTemplate":"https:\/\/fluidnatek.com\/es\/?s={search_term_string}"},"query-input":{"@type":"PropertyValueSpecification","valueRequired":true,"valueName":"search_term_string"}}],"inLanguage":"es"}]}},"_links":{"self":[{"href":"https:\/\/fluidnatek.com\/es\/wp-json\/wp\/v2\/pages\/54","targetHints":{"allow":["GET"]}}],"collection":[{"href":"https:\/\/fluidnatek.com\/es\/wp-json\/wp\/v2\/pages"}],"about":[{"href":"https:\/\/fluidnatek.com\/es\/wp-json\/wp\/v2\/types\/page"}],"author":[{"embeddable":true,"href":"https:\/\/fluidnatek.com\/es\/wp-json\/wp\/v2\/users\/1"}],"replies":[{"embeddable":true,"href":"https:\/\/fluidnatek.com\/es\/wp-json\/wp\/v2\/comments?post=54"}],"version-history":[{"count":21,"href":"https:\/\/fluidnatek.com\/es\/wp-json\/wp\/v2\/pages\/54\/revisions"}],"predecessor-version":[{"id":5644,"href":"https:\/\/fluidnatek.com\/es\/wp-json\/wp\/v2\/pages\/54\/revisions\/5644"}],"up":[{"embeddable":true,"href":"https:\/\/fluidnatek.com\/es\/wp-json\/wp\/v2\/pages\/18"}],"wp:attachment":[{"href":"https:\/\/fluidnatek.com\/es\/wp-json\/wp\/v2\/media?parent=54"}],"curies":[{"name":"wp","href":"https:\/\/api.w.org\/{rel}","templated":true}]}}