{"id":5304,"date":"2024-02-02T16:04:49","date_gmt":"2024-02-02T16:04:49","guid":{"rendered":"http:\/\/fluidnatek.com\/aplicaciones-electrospinning\/cosmetics\/"},"modified":"2024-04-29T09:59:58","modified_gmt":"2024-04-29T09:59:58","slug":"cosmetica","status":"publish","type":"page","link":"https:\/\/fluidnatek.com\/es\/aplicaciones-electrospinning\/cosmetica\/","title":{"rendered":"Cosm\u00e9tica"},"content":{"rendered":"\n\t<section class=\"section cover-half\" id=\"section_1988115449\">\n\t\t<div class=\"section-bg fill\" >\n\t\t\t<img loading=\"lazy\" decoding=\"async\" width=\"1920\" height=\"742\" src=\"https:\/\/fluidnatek.com\/wp-content\/uploads\/2024\/02\/fluinatek-bioinicia-cosmectics.jpg\" class=\"bg attachment-original size-original\" alt=\"\" \/>\t\t\t\t\t\t<div class=\"section-bg-overlay absolute fill\"><\/div>\n\t\t\t\n\n\t\t<\/div>\n\n\t\t\n\n\t\t<div class=\"section-content relative\">\n\t\t\t\n<div class=\"row row-collapse\"  id=\"row-755271079\">\n\n\t<div id=\"col-2113170779\" class=\"col small-12 large-12\"  >\n\t\t\t\t<div class=\"col-inner\"  >\n\t\t\t\n\t\t\t\n<h2 class=\"margin-bottom-0 head-l color-white\">Reach the next level with <br \/><span class=\"color-green-light-sea\">innovative cosmetic applications<\/span> with<br \/>ultrathin fibers &amp; particles<\/h2>\n<a href=\"http:\/\/fluidnatek.com\/es\/contacto\/\" class=\"button primary button-primary variant-arrow-blue margin-top-m\" >\n\t\t<span>M\u00e1s informaci\u00f3n<\/span>\n\t<\/a>\n\n\t\t<\/div>\n\t\t\t\t\t<\/div>\n\n\t\n<\/div>\n\t\t<\/div>\n\n\t\t\n<style>\n#section_1988115449 {\n  padding-top: 0pc;\n  padding-bottom: 0pc;\n}\n#section_1988115449 .section-bg-overlay {\n  background-color: rgba(37, 74, 116, 0.55);\n}\n<\/style>\n\t<\/section>\n\t\n\n\t<section class=\"section has-sediment padding-top-l padding-right-s padding-bottom-l padding-left-s\" id=\"section_997528191\">\n\t\t<div class=\"section-bg fill\" >\n\t\t\t\t\t\t\t\t\t\n\t\t\t\n\n\t\t<\/div>\n\n\t\t\n\n\t\t<div class=\"section-content relative\">\n\t\t\t\n<div class=\"row row-collapse display-flex flex-wrap-nowrap sm-flex-wrap-wrap grid-gap-m\"  id=\"row-488347896\">\n\n\t<div id=\"col-1139265905\" class=\"col medium-6 small-12 large-6\"  >\n\t\t\t\t<div class=\"col-inner\"  >\n\t\t\t\n\t\t\t\n<h1 class=\"head-corporative margin-bottom-0 head-m\">Cosm\u00e9tica<\/h1>\n\t\t<\/div>\n\t\t\t\t\t<\/div>\n\n\t\n\n\t<div id=\"col-415834944\" class=\"col medium-6 small-12 large-6\"  >\n\t\t\t\t<div class=\"col-inner\"  >\n\t\t\t\n\t\t\t\n\t<div id=\"text-2786641111\" class=\"text body-m\">\n\t\t\n<p><span class=\"ui-provider ql b c d e f g h i j k l m n o p q r s t u v w x y z ab ac ae af ag ah ai aj ak\" dir=\"ltr\">El uso de electrospinning en aplicaciones cosm\u00e9ticas est\u00e1 tambi\u00e9n desarroll\u00e1ndose cada vez m\u00e1s. Las aplicaciones cosm\u00e9ticas comparten un objetivo com\u00fan similar a las aplicaciones farmac\u00e9uticas: se desean liberar una serie de principios activos en un lugar espec\u00edfico y de forma controlada. En el caso de cosm\u00e9tica se trata de principios activos cosm\u00e9ticos, para dosificaci\u00f3n a nivel cut\u00e1neo -a nivel de la dermis o epidermis- y con un perfil de liberaci\u00f3n que puede variar desde unos pocos segundos hasta varias horas, en funci\u00f3n del objetivo y principios activos empleados en una aplicaci\u00f3n concreta. De nuevo las caracter\u00edsticas de las membranas de nanofibras producidas mediante electrospinning, tales como porosidad, alta superficie espec\u00edfica*, posibilidad de encapsular principios activos en las propias fibras, etc, convierten a la t\u00e9cnica de electrospinning en ideal para desarrollar e innovar en un gran abanico de aplicaciones cosm\u00e9ticas.<\/span><\/p>\n<p><span class=\"ui-provider ql b c d e f g h i j k l m n o p q r s t u v w x y z ab ac ae af ag ah ai aj ak\" dir=\"ltr\">Productos como m\u00e1scaras faciales, parches para contorno de ojos, parches para tratar las arrugas de expresi\u00f3n en la frente, parches para tratar manchas cut\u00e1neas, entre otros productos cosm\u00e9ticos, est\u00e1n actualmente disponibles en el mercado en formato de membranas de nanofibras por electrospinning. Y todav\u00eda el sector cosm\u00e9tico tiene un gran recorrido utilizando electrospinning en los productos para belleza, higiene y cuidado facial y corporal.<\/span><\/p>\n<p>Encuentra en esta secci\u00f3n algunas de las aplicaciones m\u00e1s interesantes de electrospinning en cosm\u00e9tica.<\/p>\n\t\t\t<\/div>\n\t\n\t\t<\/div>\n\t\t\t\t\t<\/div>\n\n\t\n<\/div>\n\t<div id=\"gap-1933978329\" class=\"gap-element clearfix\" style=\"display:block; height:auto;\">\n\t\t\n<style>\n#gap-1933978329 {\n  padding-top: 15vh;\n}\n<\/style>\n\t<\/div>\n\t\n<div class=\"row\"  id=\"row-1671835093\">\n\n\t<div id=\"col-1705128104\" class=\"col small-12 large-12\"  >\n\t\t\t\t<div class=\"col-inner\"  >\n\t\t\t\n\t\t\t\n\n  \n    <div class=\"row large-columns-2 medium-columns-1 small-columns-1 row-small\" >\n  <div class=\"col post-item\" >\n\t\t\t<div class=\"col-inner\">\n\t\t\t\t<div class=\"box box-normal box-text-bottom box-blog-post has-hover\">\n            \t\t\t\t\t<div class=\"box-image\" >\n  \t\t\t\t\t\t<div class=\"image-cover\" style=\"padding-top:56.25%;\">\n\t\t\t\t\t\t\t<a href=\"https:\/\/fluidnatek.com\/es\/electrospinning-cosmetics\/\" class=\"plain\" aria-label=\"Electrospinning en Cosm\u00e9tica\">\n\t\t\t\t\t\t\t\t<img loading=\"lazy\" decoding=\"async\" width=\"2560\" height=\"1482\" src=\"https:\/\/fluidnatek.com\/wp-content\/uploads\/2024\/10\/electrospinning_cosmetics-scaled.jpg\" class=\"attachment-original size-original wp-post-image\" alt=\"electrospinning_cosmetics\" srcset=\"https:\/\/fluidnatek.com\/wp-content\/uploads\/2024\/10\/electrospinning_cosmetics-scaled.jpg 2560w, https:\/\/fluidnatek.com\/wp-content\/uploads\/2024\/10\/electrospinning_cosmetics-300x174.jpg 300w, https:\/\/fluidnatek.com\/wp-content\/uploads\/2024\/10\/electrospinning_cosmetics-1024x593.jpg 1024w, https:\/\/fluidnatek.com\/wp-content\/uploads\/2024\/10\/electrospinning_cosmetics-768x445.jpg 768w, https:\/\/fluidnatek.com\/wp-content\/uploads\/2024\/10\/electrospinning_cosmetics-1536x889.jpg 1536w, https:\/\/fluidnatek.com\/wp-content\/uploads\/2024\/10\/electrospinning_cosmetics-2048x1186.jpg 2048w\" sizes=\"auto, (max-width: 2560px) 100vw, 2560px\" \/>\t\t\t\t\t\t\t<\/a>\n  \t\t\t\t\t\t\t  \t\t\t\t\t\t\t  \t\t\t\t\t\t<\/div>\n  \t\t\t\t\t\t  \t\t\t\t\t<\/div>\n          \t\t\t\t\t<div class=\"box-text text-center\" >\n\t\t\t\t\t<div class=\"box-text-inner blog-post-inner\">\n\n\t\t\t\t\t\n\t\t\t\t\t\t\t\t\t\t<h5 class=\"post-title is-large \">\n\t\t\t\t\t\t<a href=\"https:\/\/fluidnatek.com\/es\/electrospinning-cosmetics\/\" class=\"plain\">Electrospinning en Cosm\u00e9tica<\/a>\n\t\t\t\t\t<\/h5>\n\t\t\t\t\t\t\t\t\t\t<div class=\"is-divider\"><\/div>\n\t\t\t\t\t\t\t\t\t\t<p class=\"from_the_blog_excerpt \">\n\t\t\t\t\t\tIntroducci\u00f3n El electrospinning es una t\u00e9cnica de fabricaci\u00f3n vers\u00e1til y efectiva que permite la producci\u00f3n [...]\t\t\t\t\t<\/p>\n\t\t\t\t\t                    \n\t\t\t\t\t\n\t\t\t\t\t\n\t\t\t\t\t<\/div>\n\t\t\t\t\t<\/div>\n\t\t\t\t\t\t\t\t\t<\/div>\n\t\t\t<\/div>\n\t\t<\/div><\/div>\n\t\t<\/div>\n\t\t\t\t\t<\/div>\n\n\t\n<\/div>\n\t\t<\/div>\n\n\t\t\n<style>\n#section_997528191 {\n  padding-top: 0px;\n  padding-bottom: 0px;\n}\n<\/style>\n\t<\/section>\n\t\n\n\t<section class=\"section padding-top-xl padding-right-s padding-bottom-l padding-left-s\" id=\"section_2073486200\">\n\t\t<div class=\"section-bg fill\" >\n\t\t\t\t\t\t\t\t\t\n\t\t\t\n\n\t\t<\/div>\n\n\t\t\n\n\t\t<div class=\"section-content relative\">\n\t\t\t\n<div class=\"row row-collapse\"  id=\"row-2008838382\">\n\n\t<div id=\"col-1843713766\" class=\"col small-12 large-12\"  >\n\t\t\t\t<div class=\"col-inner\"  >\n\t\t\t\n\t\t\t\n<h2 class=\"head-corporative margin-bottom-0 head-m\">Learn about other applications<\/h2>\n\t\t<\/div>\n\t\t\t\t\t<\/div>\n\n\t\n<\/div>\n<div class=\"row row-collapse display-grid grid-template-columns-5 md-grid-template-columns-3 sm-grid-template-columns-1 grid-gap-m sm-grid-gap-s padding-top-m\"  id=\"row-112171645\">\n\n\t<div id=\"col-1913486042\" class=\"col small-12 large-12\"  >\n\t\t\t\t<div class=\"col-inner\"  >\n\t\t\t\n\t\t\t\n<a href=\"http:\/\/fluidnatek.com\/es\/biomedical\/\" class=\"button primary button-secondary variant-full-width\" >\n\t\t<span>Biom\u00e9dico<\/span>\n\t<\/a>\n\n\t\t<\/div>\n\t\t\t\t\t<\/div>\n\n\t\n\n\t<div id=\"col-2083299498\" class=\"col small-12 large-12\"  >\n\t\t\t\t<div class=\"col-inner\"  >\n\t\t\t\n\t\t\t\n<a href=\"http:\/\/fluidnatek.com\/es\/aplicaciones-electrospinning\/administracion-farmacos\/\" class=\"button primary button-secondary variant-full-width\" >\n\t\t<span>Farmac\u00e9utico<\/span>\n\t<\/a>\n\n\t\t<\/div>\n\t\t\t\t\t<\/div>\n\n\t\n\n\t<div id=\"col-1896886115\" class=\"col small-12 large-12\"  >\n\t\t\t\t<div class=\"col-inner\"  >\n\t\t\t\n\t\t\t\n<a href=\"http:\/\/fluidnatek.com\/es\/energy\/\" class=\"button primary button-secondary variant-full-width\" >\n\t\t<span>Energ\u00eda<\/span>\n\t<\/a>\n\n\t\t<\/div>\n\t\t\t\t\t<\/div>\n\n\t\n\n\t<div id=\"col-2087911480\" class=\"col small-12 large-12\"  >\n\t\t\t\t<div class=\"col-inner\"  >\n\t\t\t\n\t\t\t\n<a href=\"http:\/\/fluidnatek.com\/es\/aplicaciones-electrospinning\/filtracion\/\" class=\"button primary button-secondary variant-full-width\" >\n\t\t<span>Filtraci\u00f3n<\/span>\n\t<\/a>\n\n\t\t<\/div>\n\t\t\t\t\t<\/div>\n\n\t\n\n\t<div id=\"col-663675232\" class=\"col small-12 large-12\"  >\n\t\t\t\t<div class=\"col-inner\"  >\n\t\t\t\n\t\t\t\n<a href=\"http:\/\/fluidnatek.com\/es\/aplicaciones-electrospinning\/materiales-electrohilados\/\" class=\"button primary button-secondary variant-full-width\" >\n\t\t<span>Nuevos materiales<\/span>\n\t<\/a>\n\n\t\t<\/div>\n\t\t\t\t\t<\/div>\n\n\t\n<\/div>\n\t\t<\/div>\n\n\t\t\n<style>\n#section_2073486200 {\n  padding-top: 0px;\n  padding-bottom: 0px;\n}\n<\/style>\n\t<\/section>\n\t\n\n\t<section class=\"section\" id=\"section_1806479316\">\n\t\t<div class=\"section-bg fill\" >\n\t\t\t\t\t\t\t\t\t\n\t\t\t\n\n\t\t<\/div>\n\n\t\t\n\n\t\t<div class=\"section-content relative\">\n\t\t\t\n<div class=\"row\"  id=\"row-384659002\">\n\n\t<div id=\"col-1389781120\" class=\"col small-12 large-12\"  >\n\t\t\t\t<div class=\"col-inner\"  >\n\t\t\t\n\t\t\t\n<p>La integraci\u00f3n de electrospinning en las aplicaciones cosm\u00e9ticas est\u00e1 experimentando un crecimiento significativo, paralelo a los avances en la industria farmac\u00e9utica, donde el objetivo es la liberaci\u00f3n selectiva y controlada de principios activos. Concretamente, en el \u00e1mbito de la cosm\u00e9tica, el objetivo es liberar estos principios activos con precisi\u00f3n en la superficie de la piel, ya sea en la dermis o en la epidermis, con un perfil de liberaci\u00f3n que puede abarcar desde unos segundos hasta varias horas. Esta liberaci\u00f3n a medida depende de las necesidades espec\u00edficas de la aplicaci\u00f3n cosm\u00e9tica y de las caracter\u00edsticas de los materiales empleados. Los atributos \u00fanicos de las membranas de fibras producidas mediante electrospinning, como su mayor porosidad, su amplia superficie y la capacidad de encapsular principios activos dentro de las fibras, hacen que la t\u00e9cnica del electrospinning sea excepcionalmente adecuada para un amplio espectro de innovaciones cosm\u00e9ticas.<\/p>\n<p>En particular, la aparici\u00f3n de las mascarillas faciales con electrospinning representa un importante avance en la tecnolog\u00eda del cuidado de la piel. Estas mascarillas, elaboradas a partir de membranas de fibras, est\u00e1n dise\u00f1adas para adherirse estrechamente a los contornos del rostro, proporcionando un mecanismo eficaz para el suministro de activos para el cuidado de la piel. El proceso de electrospinning garantiza que estas mascarillas tengan una gran superficie, lo que permite una distribuci\u00f3n m\u00e1s uniforme y eficaz de los principios activos por la superficie de la piel. Adem\u00e1s, es posible encapsular s\u00f3lo los principios activos (eliminando aditivos y conservantes) en las fibras ultrafinas, entrando en un nuevo enfoque denominado \u00abcosm\u00e9tica pura\u00bb.<\/p>\n<p>Adem\u00e1s, la versatilidad del electrospinning para cosm\u00e9ticos va m\u00e1s all\u00e1 de los tratamientos faciales e incluye productos como los parches para el contorno de ojos, que se dirigen a la delicada piel de debajo de los ojos para obtener beneficios de rejuvenecimiento y antienvejecimiento; as\u00ed como parches para la frente, parches para el cuello y parches para el contorno de la boca con fines antiarrugas. Estos parches aprovechan la misma tecnolog\u00eda para suministrar activos de forma eficaz, abordando problemas como las l\u00edneas de expresi\u00f3n y las ojeras. Del mismo modo, los parches dise\u00f1ados para suavizar las l\u00edneas de expresi\u00f3n de la frente o para atenuar las manchas de la piel utilizan la capacidad de administraci\u00f3n precisa de las fibras electrohiladas, lo que garantiza un tratamiento espec\u00edfico y mejores resultados.<\/p>\n<p>El electrospinning para cosm\u00e9ticos no se limita a estas aplicaciones, sino que abarca una amplia gama de productos de belleza, higiene, cuidado facial y corporal, cada uno de los cuales se beneficia de los mecanismos de suministro precisos y controlados que proporcionan las fibras ultrafinas. A medida que la industria cosm\u00e9tica sigue adoptando esta tecnolog\u00eda, podemos anticipar el desarrollo de productos a\u00fan m\u00e1s innovadores, como mascarillas faciales con electrospinning a\u00fan m\u00e1s avanzadas que se adaptan a una variedad de tipos y condiciones de la piel, personalizando a\u00fan m\u00e1s los reg\u00edmenes de cuidado de la piel.<\/p>\n<p>El papel del electrospinning en la cosm\u00e9tica se est\u00e1 ampliando r\u00e1pidamente. A medida que avanzan la investigaci\u00f3n y el desarrollo en este campo, el potencial de esta t\u00e9cnica en cosm\u00e9tica sigue desarroll\u00e1ndose, prometiendo un futuro apasionante para la innovaci\u00f3n en el cuidado de la piel.<\/p>\n\t\t<\/div>\n\t\t\t\t\t<\/div>\n\n\t\n<\/div>\n\t\t<\/div>\n\n\t\t\n<style>\n#section_1806479316 {\n  padding-top: 30px;\n  padding-bottom: 30px;\n}\n<\/style>\n\t<\/section>\n\t\n\t<div id=\"gap-1403779728\" class=\"gap-element clearfix\" style=\"display:block; height:auto;\">\n\t\t\n<style>\n#gap-1403779728 {\n  padding-top: 15vh;\n}\n<\/style>\n\t<\/div>\n\t\n","protected":false},"excerpt":{"rendered":"","protected":false},"author":2,"featured_media":0,"parent":18,"menu_order":0,"comment_status":"closed","ping_status":"closed","template":"page-transparent-header.php","meta":{"_acf_changed":false,"inline_featured_image":false,"footnotes":""},"class_list":["post-5304","page","type-page","status-publish","hentry"],"acf":[],"yoast_head":"<!-- This site is optimized with the Yoast SEO plugin v27.3 - https:\/\/yoast.com\/product\/yoast-seo-wordpress\/ -->\n<title>Cosm\u00e9tica - Fluidnatek<\/title>\n<meta name=\"robots\" content=\"index, follow, max-snippet:-1, max-image-preview:large, max-video-preview:-1\" \/>\n<link rel=\"canonical\" href=\"https:\/\/fluidnatek.com\/es\/aplicaciones-electrospinning\/cosmetica\/\" \/>\n<meta property=\"og:locale\" content=\"es_ES\" \/>\n<meta property=\"og:type\" content=\"article\" \/>\n<meta property=\"og:title\" content=\"Cosm\u00e9tica - Fluidnatek\" \/>\n<meta property=\"og:url\" content=\"https:\/\/fluidnatek.com\/es\/aplicaciones-electrospinning\/cosmetica\/\" \/>\n<meta property=\"og:site_name\" content=\"Fluidnatek\" \/>\n<meta property=\"article:modified_time\" content=\"2024-04-29T09:59:58+00:00\" \/>\n<meta name=\"twitter:card\" content=\"summary_large_image\" \/>\n<meta name=\"twitter:label1\" content=\"Tiempo de lectura\" \/>\n\t<meta name=\"twitter:data1\" content=\"2 minutos\" \/>\n<script type=\"application\/ld+json\" class=\"yoast-schema-graph\">{\"@context\":\"https:\\\/\\\/schema.org\",\"@graph\":[{\"@type\":\"WebPage\",\"@id\":\"https:\\\/\\\/fluidnatek.com\\\/es\\\/aplicaciones-electrospinning\\\/cosmetica\\\/\",\"url\":\"https:\\\/\\\/fluidnatek.com\\\/es\\\/aplicaciones-electrospinning\\\/cosmetica\\\/\",\"name\":\"Cosm\u00e9tica - Fluidnatek\",\"isPartOf\":{\"@id\":\"https:\\\/\\\/fluidnatek.com\\\/es\\\/#website\"},\"datePublished\":\"2024-02-02T16:04:49+00:00\",\"dateModified\":\"2024-04-29T09:59:58+00:00\",\"breadcrumb\":{\"@id\":\"https:\\\/\\\/fluidnatek.com\\\/es\\\/aplicaciones-electrospinning\\\/cosmetica\\\/#breadcrumb\"},\"inLanguage\":\"es\",\"potentialAction\":[{\"@type\":\"ReadAction\",\"target\":[\"https:\\\/\\\/fluidnatek.com\\\/es\\\/aplicaciones-electrospinning\\\/cosmetica\\\/\"]}]},{\"@type\":\"BreadcrumbList\",\"@id\":\"https:\\\/\\\/fluidnatek.com\\\/es\\\/aplicaciones-electrospinning\\\/cosmetica\\\/#breadcrumb\",\"itemListElement\":[{\"@type\":\"ListItem\",\"position\":1,\"name\":\"Home\",\"item\":\"https:\\\/\\\/fluidnatek.com\\\/es\\\/fluidnatek\\\/\"},{\"@type\":\"ListItem\",\"position\":2,\"name\":\"Aplicaciones\",\"item\":\"https:\\\/\\\/fluidnatek.com\\\/es\\\/aplicaciones-electrospinning\\\/\"},{\"@type\":\"ListItem\",\"position\":3,\"name\":\"Cosm\u00e9tica\"}]},{\"@type\":\"WebSite\",\"@id\":\"https:\\\/\\\/fluidnatek.com\\\/es\\\/#website\",\"url\":\"https:\\\/\\\/fluidnatek.com\\\/es\\\/\",\"name\":\"Fluidnatek\",\"description\":\"Your premium partner in Electrospinning-Electrospraying Equipment\",\"potentialAction\":[{\"@type\":\"SearchAction\",\"target\":{\"@type\":\"EntryPoint\",\"urlTemplate\":\"https:\\\/\\\/fluidnatek.com\\\/es\\\/?s={search_term_string}\"},\"query-input\":{\"@type\":\"PropertyValueSpecification\",\"valueRequired\":true,\"valueName\":\"search_term_string\"}}],\"inLanguage\":\"es\"}]}<\/script>\n<!-- \/ Yoast SEO plugin. -->","yoast_head_json":{"title":"Cosm\u00e9tica - Fluidnatek","robots":{"index":"index","follow":"follow","max-snippet":"max-snippet:-1","max-image-preview":"max-image-preview:large","max-video-preview":"max-video-preview:-1"},"canonical":"https:\/\/fluidnatek.com\/es\/aplicaciones-electrospinning\/cosmetica\/","og_locale":"es_ES","og_type":"article","og_title":"Cosm\u00e9tica - Fluidnatek","og_url":"https:\/\/fluidnatek.com\/es\/aplicaciones-electrospinning\/cosmetica\/","og_site_name":"Fluidnatek","article_modified_time":"2024-04-29T09:59:58+00:00","twitter_card":"summary_large_image","twitter_misc":{"Tiempo de lectura":"2 minutos"},"schema":{"@context":"https:\/\/schema.org","@graph":[{"@type":"WebPage","@id":"https:\/\/fluidnatek.com\/es\/aplicaciones-electrospinning\/cosmetica\/","url":"https:\/\/fluidnatek.com\/es\/aplicaciones-electrospinning\/cosmetica\/","name":"Cosm\u00e9tica - Fluidnatek","isPartOf":{"@id":"https:\/\/fluidnatek.com\/es\/#website"},"datePublished":"2024-02-02T16:04:49+00:00","dateModified":"2024-04-29T09:59:58+00:00","breadcrumb":{"@id":"https:\/\/fluidnatek.com\/es\/aplicaciones-electrospinning\/cosmetica\/#breadcrumb"},"inLanguage":"es","potentialAction":[{"@type":"ReadAction","target":["https:\/\/fluidnatek.com\/es\/aplicaciones-electrospinning\/cosmetica\/"]}]},{"@type":"BreadcrumbList","@id":"https:\/\/fluidnatek.com\/es\/aplicaciones-electrospinning\/cosmetica\/#breadcrumb","itemListElement":[{"@type":"ListItem","position":1,"name":"Home","item":"https:\/\/fluidnatek.com\/es\/fluidnatek\/"},{"@type":"ListItem","position":2,"name":"Aplicaciones","item":"https:\/\/fluidnatek.com\/es\/aplicaciones-electrospinning\/"},{"@type":"ListItem","position":3,"name":"Cosm\u00e9tica"}]},{"@type":"WebSite","@id":"https:\/\/fluidnatek.com\/es\/#website","url":"https:\/\/fluidnatek.com\/es\/","name":"Fluidnatek","description":"Your premium partner in Electrospinning-Electrospraying Equipment","potentialAction":[{"@type":"SearchAction","target":{"@type":"EntryPoint","urlTemplate":"https:\/\/fluidnatek.com\/es\/?s={search_term_string}"},"query-input":{"@type":"PropertyValueSpecification","valueRequired":true,"valueName":"search_term_string"}}],"inLanguage":"es"}]}},"_links":{"self":[{"href":"https:\/\/fluidnatek.com\/es\/wp-json\/wp\/v2\/pages\/5304","targetHints":{"allow":["GET"]}}],"collection":[{"href":"https:\/\/fluidnatek.com\/es\/wp-json\/wp\/v2\/pages"}],"about":[{"href":"https:\/\/fluidnatek.com\/es\/wp-json\/wp\/v2\/types\/page"}],"author":[{"embeddable":true,"href":"https:\/\/fluidnatek.com\/es\/wp-json\/wp\/v2\/users\/2"}],"replies":[{"embeddable":true,"href":"https:\/\/fluidnatek.com\/es\/wp-json\/wp\/v2\/comments?post=5304"}],"version-history":[{"count":17,"href":"https:\/\/fluidnatek.com\/es\/wp-json\/wp\/v2\/pages\/5304\/revisions"}],"predecessor-version":[{"id":5935,"href":"https:\/\/fluidnatek.com\/es\/wp-json\/wp\/v2\/pages\/5304\/revisions\/5935"}],"up":[{"embeddable":true,"href":"https:\/\/fluidnatek.com\/es\/wp-json\/wp\/v2\/pages\/18"}],"wp:attachment":[{"href":"https:\/\/fluidnatek.com\/es\/wp-json\/wp\/v2\/media?parent=5304"}],"curies":[{"name":"wp","href":"https:\/\/api.w.org\/{rel}","templated":true}]}}