{"id":53,"date":"2023-10-06T06:56:30","date_gmt":"2023-10-06T06:56:30","guid":{"rendered":"http:\/\/fluidnatek.com\/?page_id=53"},"modified":"2024-03-25T15:50:19","modified_gmt":"2024-03-25T15:50:19","slug":"administracion-farmacos","status":"publish","type":"page","link":"https:\/\/fluidnatek.com\/es\/aplicaciones-electrospinning\/administracion-farmacos\/","title":{"rendered":"Farmac\u00e9utico"},"content":{"rendered":"\n\t<section class=\"section cover-half\" id=\"section_900815813\">\n\t\t<div class=\"section-bg fill\" >\n\t\t\t<img loading=\"lazy\" decoding=\"async\" width=\"1920\" height=\"742\" src=\"https:\/\/fluidnatek.com\/wp-content\/uploads\/2023\/10\/pharmaceutic.jpg\" class=\"bg attachment-original size-original\" alt=\"\" \/>\t\t\t\t\t\t<div class=\"section-bg-overlay absolute fill\"><\/div>\n\t\t\t\n\n\t\t<\/div>\n\n\t\t\n\n\t\t<div class=\"section-content relative\">\n\t\t\t\n<div class=\"row row-collapse\"  id=\"row-781815274\">\n\n\t<div id=\"col-366329180\" class=\"col small-12 large-12\"  >\n\t\t\t\t<div class=\"col-inner\"  >\n\t\t\t\n\t\t\t\n<h2 class=\"margin-bottom-0 head-l color-white\">Reach the next level in<br \/>\n<span class=\"color-green-light-sea\">controlled drug delivery<\/span> with<br \/>\nnanofibers &amp; nanoparticles<\/h2>\n<a href=\"\/es\/contacto\" class=\"button primary button-primary variant-arrow-blue margin-top-m\" >\n\t\t<span>M\u00e1s informaci\u00f3n<\/span>\n\t<\/a>\n\n\t\t<\/div>\n\t\t\t\t\t<\/div>\n\n\t\n<\/div>\n\t\t<\/div>\n\n\t\t\n<style>\n#section_900815813 {\n  padding-top: 0pc;\n  padding-bottom: 0pc;\n}\n#section_900815813 .section-bg-overlay {\n  background-color: rgba(37, 74, 116, 0.55);\n}\n<\/style>\n\t<\/section>\n\t\n\n\t<section class=\"section padding-top-l padding-right-s padding-bottom-l padding-left-s\" id=\"section_1510986438\">\n\t\t<div class=\"section-bg fill\" >\n\t\t\t\t\t\t\t\t\t\n\t\t\t\n\n\t\t<\/div>\n\n\t\t\n\n\t\t<div class=\"section-content relative\">\n\t\t\t\n<div class=\"row display-flex flex-wrap-nowrap sm-flex-wrap-wrap grid-gap-m sm-grid-gap-0\"  id=\"row-1668074500\">\n\n\t<div id=\"col-1598256696\" class=\"col medium-6 small-12 large-6\"  >\n\t\t\t\t<div class=\"col-inner\"  >\n\t\t\t\n\t\t\t\n<h1 class=\"head-corporative margin-bottom-s head-m\">Farmac\u00e9utico<\/h1>\n\t\t<\/div>\n\t\t\t\t\t<\/div>\n\n\t\n\n\t<div id=\"col-1041387433\" class=\"col medium-6 small-12 large-6\"  >\n\t\t\t\t<div class=\"col-inner\"  >\n\t\t\t\n\t\t\t\n<p class=\"body-m\">La t\u00e9cnica de electrospinning avanza tambi\u00e9n en diversas aplicaciones del \u00e1mbito farmac\u00e9utico, pero tambi\u00e9n el electrospraying ofrece soluciones muy interesantes para este sector.<\/p>\n<p class=\"margin-bottom-0 body-m\">Hay varias propiedades de estas t\u00e9cnicas que las hacen muy apropiadas para aplicaciones farmac\u00e9uticas:<\/p>\n\t\t<\/div>\n\t\t\t\t\t<\/div>\n\n\t\n<\/div>\n\t\t<\/div>\n\n\t\t\n<style>\n#section_1510986438 {\n  padding-top: 0px;\n  padding-bottom: 0px;\n}\n<\/style>\n\t<\/section>\n\t\n\n\t<section class=\"section padding-top-l padding-right-s padding-bottom-l padding-left-s background-color-white-blue border-radius-s\" id=\"section_343142072\">\n\t\t<div class=\"section-bg fill\" >\n\t\t\t\t\t\t\t\t\t\n\t\t\t\n\n\t\t<\/div>\n\n\t\t\n\n\t\t<div class=\"section-content relative\">\n\t\t\t\n<div class=\"row row-collapse display-grid grid-template-columns-3 sm-grid-template-columns-1 grid-gap-m\"  id=\"row-855734235\">\n\n\t<div id=\"col-678590617\" class=\"col medium-4 small-12 large-4\"  >\n\t\t\t\t<div class=\"col-inner\"  >\n\t\t\t\n\t\t\t\n\t<div class=\"img has-hover width-auto margin-bottom-s x md-x lg-x y md-y lg-y\" id=\"image_512008023\">\n\t\t\t\t\t\t\t\t<div class=\"img-inner dark\" >\n\t\t\t<img loading=\"lazy\" decoding=\"async\" width=\"64\" height=\"64\" src=\"https:\/\/fluidnatek.com\/wp-content\/uploads\/2023\/10\/icon-nanofiber-membranes.svg\" class=\"attachment-original size-original\" alt=\"\" \/>\t\t\t\t\t\t\n\t\t\t\t\t<\/div>\n\t\t\t\t\t\t\t\t\n<style>\n#image_512008023 {\n  width: 100%;\n}\n<\/style>\n\t<\/div>\n\t\n<p class=\"margin-bottom-0 body-m\">Las membranas de nanofibras pueden tener una gran \u00e1rea espec\u00edfica (es el caso de thin films y very thin films), lo cu\u00e1l las hace id\u00f3neas para realizar una liberaci\u00f3n controlada de f\u00e1rmacos muy eficiente. Igualmente en el caso de las part\u00edculas cuando utilizamos electrospraying podemos obtener un tama\u00f1o nanom\u00e9trico, aunque las part\u00edculas vengan a su vez insertadas en un veh\u00edculo o plataforma de mayores dimensiones (por ej. microm\u00e9trico), de forma que igualmente la liberaci\u00f3n controlada de f\u00e1rmacos es extremadamente eficiente.<\/p>\n<p class=\"margin-bottom-0 body-m\">La administraci\u00f3n de f\u00e1rmacos mediante electrospinning es la aplicaci\u00f3n m\u00e1s com\u00fan. Las aplicaciones del electrospinning en la administraci\u00f3n de f\u00e1rmacos est\u00e1n ganando peso debido a su versatilidad y eficacia. Este m\u00e9todo permite crear estructuras adecuadas para diversas aplicaciones biom\u00e9dicas. La elevada relaci\u00f3n superficie\/volumen de las fibras electrospun las hace ideales para la administraci\u00f3n de f\u00e1rmacos, permitiendo una liberaci\u00f3n sostenida y controlada de los principios activos farmac\u00e9uticos.<\/p>\n\t\t<\/div>\n\t\t\t\t\t<\/div>\n\n\t\n\n\t<div id=\"col-1028048129\" class=\"col medium-4 small-12 large-4\"  >\n\t\t\t\t<div class=\"col-inner\"  >\n\t\t\t\n\t\t\t\n\t<div class=\"img has-hover width-auto margin-bottom-s x md-x lg-x y md-y lg-y\" id=\"image_2083285143\">\n\t\t\t\t\t\t\t\t<div class=\"img-inner dark\" >\n\t\t\t<img loading=\"lazy\" decoding=\"async\" width=\"64\" height=\"64\" src=\"https:\/\/fluidnatek.com\/wp-content\/uploads\/2023\/10\/icon-selected-materials.svg\" class=\"attachment-original size-original\" alt=\"\" \/>\t\t\t\t\t\t\n\t\t\t\t\t<\/div>\n\t\t\t\t\t\t\t\t\n<style>\n#image_2083285143 {\n  width: 100%;\n}\n<\/style>\n\t<\/div>\n\t\n<p class=\"margin-bottom-0 body-m\">En funci\u00f3n de los materiales seleccionados y del tipo de estructura desarrollada, podemos lograr con electrospinning y electrospraying un matching muy bueno del perfil de liberaci\u00f3n requerido para una determinada aplicaci\u00f3n, as\u00ed como establecer un target de la zona del organismo donde se desea que se produzca la liberaci\u00f3n del activo farmac\u00e9utico (por ej. en una zona del intestino, etc).<\/p>\n<p class=\"margin-bottom-0 body-m\">El uso del electrospinning para la liberaci\u00f3n de f\u00e1rmacos o del electrospraying depender\u00e1 de los requisitos de la aplicaci\u00f3n, incluido el modo de administraci\u00f3n (oral, transd\u00e9rmica, intranasal, parenteral&#8230;).<\/p>\n\t\t<\/div>\n\t\t\t\t\t<\/div>\n\n\t\n\n\t<div id=\"col-113123529\" class=\"col medium-4 small-12 large-4\"  >\n\t\t\t\t<div class=\"col-inner\"  >\n\t\t\t\n\t\t\t\n\t<div class=\"img has-hover width-auto margin-bottom-s x md-x lg-x y md-y lg-y\" id=\"image_412083716\">\n\t\t\t\t\t\t\t\t<div class=\"img-inner dark\" >\n\t\t\t<img loading=\"lazy\" decoding=\"async\" width=\"64\" height=\"64\" src=\"https:\/\/fluidnatek.com\/wp-content\/uploads\/2023\/10\/icon-electrospinning-process.svg\" class=\"attachment-original size-original\" alt=\"\" \/>\t\t\t\t\t\t\n\t\t\t\t\t<\/div>\n\t\t\t\t\t\t\t\t\n<style>\n#image_412083716 {\n  width: 100%;\n}\n<\/style>\n\t<\/div>\n\t\n<p class=\"margin-bottom-0 body-m\">El propio proceso de electrospinning y tambi\u00e9n de electrospraying, por su propia particularidad, pueden conseguir que los activos farmac\u00e9uticos se mantengan en un grado suficientemente amorfo, lo que puede incrementar el dissolution rate as\u00ed como la permeabilidad del API, lo que a su vez en muchos casos puede redundar en mayor biocompatibilidad. Si esto se consigue, supone un enorme beneficio para el producto y para la industria farmac\u00e9utica. Una ventaja m\u00e1s del electrospinning en la administraci\u00f3n de f\u00e1rmacos.<\/p>\n\t\t<\/div>\n\t\t\t\t\t<\/div>\n\n\t\n<\/div>\n<div class=\"row column-image-full-height padding-top-l\"  id=\"row-1588139175\">\n\n\t<div id=\"col-638295545\" class=\"col medium-6 small-12 large-6\"  >\n\t\t\t\t<div class=\"col-inner\"  >\n\t\t\t\n\t\t\t\n\t<div class=\"img has-hover hero-image x md-x lg-x y md-y lg-y\" id=\"image_1944353587\">\n\t\t\t\t\t\t\t\t<div class=\"img-inner dark\" >\n\t\t\t<img loading=\"lazy\" decoding=\"async\" width=\"734\" height=\"480\" src=\"https:\/\/fluidnatek.com\/wp-content\/uploads\/2023\/10\/filtering-products.jpg\" class=\"attachment-original size-original\" alt=\"\" srcset=\"https:\/\/fluidnatek.com\/wp-content\/uploads\/2023\/10\/filtering-products.jpg 734w, https:\/\/fluidnatek.com\/wp-content\/uploads\/2023\/10\/filtering-products-300x196.jpg 300w\" sizes=\"auto, (max-width: 734px) 100vw, 734px\" \/>\t\t\t\t\t\t\n\t\t\t\t\t<\/div>\n\t\t\t\t\t\t\t\t\n<style>\n#image_1944353587 {\n  width: 100%;\n}\n<\/style>\n\t<\/div>\n\t\n\t\t<\/div>\n\t\t\t\t\t<\/div>\n\n\t\n\n\t<div id=\"col-170485248\" class=\"col medium-6 small-12 large-6\"  >\n\t\t\t\t<div class=\"col-inner\"  >\n\t\t\t\n\t\t\t\n<p class=\"body-m\">Las aplicaciones de electrospinning en la administraci\u00f3n de f\u00e1rmacos y en la ingenier\u00eda de tejidos tambi\u00e9n han resultado prometedoras para mejorar la solubilidad y biodisponibilidad de los medicamentos. La capacidad de incorporar f\u00e1rmacos en fibras o part\u00edculas biocompatibles y de controlar sus tasas de liberaci\u00f3n, abre nuevas v\u00edas en la medicina personalizada y las terapias dirigidas.<\/p>\n<p class=\"body-m\">Utilizando electrospinning creamos membranas de nanofibras con las que podemos producir parches transd\u00e9rmicos o para v\u00eda transmucosa para distintas aplicaciones farmac\u00e9uticas siendo el API liberado al torrente sangu\u00edneo.<\/p>\n<p class=\"margin-bottom-0 body-m\">Mientras que si utilizamos electrospraying creamos part\u00edculas (es decir, polvo) que podemos utilizar para prensar y realizar tableting para ingesta v\u00eda oral, o bien polvo en soluci\u00f3n para inhalaci\u00f3n, o bien incluso para v\u00eda parenteral (inyectables). Las posibilidades son m\u00faltiples.<\/p>\n\t\t<\/div>\n\t\t\t\t\t<\/div>\n\n\t\n<\/div>\n\t<div id=\"gap-611417405\" class=\"gap-element clearfix\" style=\"display:block; height:auto;\">\n\t\t\n<style>\n#gap-611417405 {\n  padding-top: 50px;\n}\n<\/style>\n\t<\/div>\n\t\n<p class=\"body-m\">El electrospinning en la fabricaci\u00f3n farmac\u00e9utica aporta numerosas ventajas, sobre todo en la creaci\u00f3n de sistemas de administraci\u00f3n de f\u00e1rmacos. Tambi\u00e9n permite un gran control del tama\u00f1o y la morfolog\u00eda de las fibras, as\u00ed como de la densidad de \u00e1rea, lo que aumenta su eficacia en la administraci\u00f3n de f\u00e1rmacos. Esta t\u00e9cnica permite encapsular f\u00e1rmacos dentro de nanofibras (o part\u00edculas en el caso del electrospraying), proporcionando un mecanismo de liberaci\u00f3n controlada.<\/p>\n<p class=\"body-m\">El electrospinning a escala de laboratorio demuestra la viabilidad y adaptabilidad de esta t\u00e9cnica en un entorno m\u00e1s controlado, lo que permite a los investigadores afinar los par\u00e1metros para una liberaci\u00f3n \u00f3ptima del f\u00e1rmaco. Este enfoque es esencial para la validaci\u00f3n experimental y el desarrollo de prototipos antes de pasar a la producci\u00f3n industrial.<\/p>\n<p class=\"body-m\">Adem\u00e1s, el electrospinning en la fabricaci\u00f3n farmac\u00e9utica puede mejorar en algunos casos la solubilidad y biodisponibilidad de los f\u00e1rmacos. Los sistemas de administraci\u00f3n de f\u00e1rmacos por electrospinning tienen el potencial de revolucionar los tratamientos, ofreciendo una distribuci\u00f3n de f\u00e1rmacos dirigida, eficiente y controlada, lo que subraya el valioso papel del electrospinning en la fabricaci\u00f3n farmac\u00e9utica.<\/p>\n<p class=\"body-m\">El electrospinning a escala de laboratorio desempe\u00f1a un papel crucial en el desarrollo y la optimizaci\u00f3n de los sistemas de administraci\u00f3n de f\u00e1rmacos por fibras nanom\u00e9tricas. Permite un control preciso de los par\u00e1metros de electrospinning, facilitando la producci\u00f3n de fibras con las caracter\u00edsticas deseadas para aplicaciones espec\u00edficas de administraci\u00f3n de f\u00e1rmacos.<\/p>\n\t\t<\/div>\n\n\t\t\n<style>\n#section_343142072 {\n  padding-top: 0px;\n  padding-bottom: 0px;\n}\n<\/style>\n\t<\/section>\n\t\n<div class=\"row\"  id=\"row-862019610\">\n\n\t<div id=\"col-1615335354\" class=\"col small-12 large-12\"  >\n\t\t\t\t<div class=\"col-inner\"  >\n\t\t\t\n\t\t\t\n\n  \n    <div class=\"row large-columns-2 medium-columns-1 small-columns-1 row-small\" >\n  <div class=\"col post-item\" >\n\t\t\t<div class=\"col-inner\">\n\t\t\t\t<div class=\"box box-normal box-text-bottom box-blog-post has-hover\">\n            \t\t\t\t\t<div class=\"box-image\" >\n  \t\t\t\t\t\t<div class=\"image-cover\" style=\"padding-top:56.25%;\">\n\t\t\t\t\t\t\t<a href=\"https:\/\/fluidnatek.com\/es\/electrospun-fiber-sponges-for-controlled-drug-delivery\/\" class=\"plain\" aria-label=\"Esponjas de fibras Electrospun para la administraci\u00f3n controlada de f\u00e1rmacos\">\n\t\t\t\t\t\t\t\t<img loading=\"lazy\" decoding=\"async\" width=\"734\" height=\"480\" src=\"https:\/\/fluidnatek.com\/wp-content\/uploads\/2024\/02\/fluidnatek-bioinica-pharma.jpg\" class=\"attachment-original size-original wp-post-image\" alt=\"\" srcset=\"https:\/\/fluidnatek.com\/wp-content\/uploads\/2024\/02\/fluidnatek-bioinica-pharma.jpg 734w, https:\/\/fluidnatek.com\/wp-content\/uploads\/2024\/02\/fluidnatek-bioinica-pharma-300x196.jpg 300w\" sizes=\"auto, (max-width: 734px) 100vw, 734px\" \/>\t\t\t\t\t\t\t<\/a>\n  \t\t\t\t\t\t\t  \t\t\t\t\t\t\t  \t\t\t\t\t\t<\/div>\n  \t\t\t\t\t\t  \t\t\t\t\t<\/div>\n          \t\t\t\t\t<div class=\"box-text text-center\" >\n\t\t\t\t\t<div class=\"box-text-inner blog-post-inner\">\n\n\t\t\t\t\t\n\t\t\t\t\t\t\t\t\t\t<h5 class=\"post-title is-large \">\n\t\t\t\t\t\t<a href=\"https:\/\/fluidnatek.com\/es\/electrospun-fiber-sponges-for-controlled-drug-delivery\/\" class=\"plain\">Esponjas de fibras Electrospun para la administraci\u00f3n controlada de f\u00e1rmacos<\/a>\n\t\t\t\t\t<\/h5>\n\t\t\t\t\t\t\t\t\t\t<div class=\"is-divider\"><\/div>\n\t\t\t\t\t\t\t\t\t\t<p class=\"from_the_blog_excerpt \">\n\t\t\t\t\t\tEl objetivo de este trabajo es caracterizar, empleando t\u00e9cnicas no invasivas, esponjas tridimensionales fabricadas con [...]\t\t\t\t\t<\/p>\n\t\t\t\t\t                    \n\t\t\t\t\t\n\t\t\t\t\t\n\t\t\t\t\t<\/div>\n\t\t\t\t\t<\/div>\n\t\t\t\t\t\t\t\t\t<\/div>\n\t\t\t<\/div>\n\t\t<\/div><\/div>\n\t\t<\/div>\n\t\t\t\t\t<\/div>\n\n\t\n<\/div>\n\n\t<section class=\"section padding-top-xl padding-right-s padding-bottom-l padding-left-s has-network-node variant-right variant-02\" id=\"section_1268694713\">\n\t\t<div class=\"section-bg fill\" >\n\t\t\t\t\t\t\t\t\t\n\t\t\t\n\n\t\t<\/div>\n\n\t\t\n\n\t\t<div class=\"section-content relative\">\n\t\t\t\n<div class=\"row row-collapse\"  id=\"row-1017378143\">\n\n\t<div id=\"col-500302274\" class=\"col small-12 large-12\"  >\n\t\t\t\t<div class=\"col-inner\"  >\n\t\t\t\n\t\t\t\n<h2 class=\"head-corporative margin-bottom-0 head-m\">Conoce otras aplicaciones<\/h2>\n\t\t<\/div>\n\t\t\t\t\t<\/div>\n\n\t\n<\/div>\n<div class=\"row row-collapse display-grid grid-template-columns-5 md-grid-template-columns-3 sm-grid-template-columns-1 grid-gap-m sm-grid-gap-s padding-top-m\"  id=\"row-722990427\">\n\n\t<div id=\"col-1934826912\" class=\"col small-12 large-12\"  >\n\t\t\t\t<div class=\"col-inner\"  >\n\t\t\t\n\t\t\t\n<a href=\"\/es\/aplicaciones-electrospinning\/biomedico\/\" class=\"button primary button-secondary variant-full-width\" >\n\t\t<span>Biom\u00e9dico<\/span>\n\t<\/a>\n\n\t\t<\/div>\n\t\t\t\t\t<\/div>\n\n\t\n\n\t<div id=\"col-1234544572\" class=\"col small-12 large-12\"  >\n\t\t\t\t<div class=\"col-inner\"  >\n\t\t\t\n\t\t\t\n<a href=\"\/es\/aplicaciones-electrospinning\/energia\/\" class=\"button primary button-secondary variant-full-width\" >\n\t\t<span>Energ\u00eda<\/span>\n\t<\/a>\n\n\t\t<\/div>\n\t\t\t\t\t<\/div>\n\n\t\n\n\t<div id=\"col-1779089693\" class=\"col small-12 large-12\"  >\n\t\t\t\t<div class=\"col-inner\"  >\n\t\t\t\n\t\t\t\n<a href=\"\/es\/aplicaciones-electrospinning\/filtracion\/\" class=\"button primary button-secondary variant-full-width\" >\n\t\t<span>Filtraci\u00f3n<\/span>\n\t<\/a>\n\n\t\t<\/div>\n\t\t\t\t\t<\/div>\n\n\t\n\n\t<div id=\"col-465492897\" class=\"col small-12 large-12\"  >\n\t\t\t\t<div class=\"col-inner\"  >\n\t\t\t\n\t\t\t\n<a href=\"\/es\/aplicaciones-electrospinning\/materiales-electrohilados\/\" class=\"button primary button-secondary variant-full-width\" >\n\t\t<span>Nuevos materiales<\/span>\n\t<\/a>\n\n\t\t<\/div>\n\t\t\t\t\t<\/div>\n\n\t\n\n\t<div id=\"col-2111779907\" class=\"col small-12 large-12\"  >\n\t\t\t\t<div class=\"col-inner\"  >\n\t\t\t\n\t\t\t\n<a href=\"http:\/\/fluidnatek.com\/es\/aplicaciones-electrospinning\/cosmetica\/\" class=\"button primary button-secondary variant-full-width\" >\n\t\t<span>Cosm\u00e9tica<\/span>\n\t<\/a>\n\n\t\t<\/div>\n\t\t\t\t\t<\/div>\n\n\t\n<\/div>\n\t\t<\/div>\n\n\t\t\n<style>\n#section_1268694713 {\n  padding-top: 0px;\n  padding-bottom: 0px;\n}\n<\/style>\n\t<\/section>\n\t\n","protected":false},"excerpt":{"rendered":"","protected":false},"author":1,"featured_media":0,"parent":18,"menu_order":0,"comment_status":"closed","ping_status":"closed","template":"page-transparent-header.php","meta":{"_acf_changed":false,"inline_featured_image":false,"footnotes":""},"class_list":["post-53","page","type-page","status-publish","hentry"],"acf":[],"yoast_head":"<!-- This site is optimized with the Yoast SEO plugin v27.3 - https:\/\/yoast.com\/product\/yoast-seo-wordpress\/ -->\n<title>Administraci\u00f3n de F\u00e1rmacos | Fluidnatek<\/title>\n<meta name=\"description\" content=\"Gracias a los procesos de electrospinning y electrospraying se puede liberar de forma controlada los f\u00e1rmacos de forma eficiente.\" \/>\n<meta name=\"robots\" content=\"index, follow, max-snippet:-1, max-image-preview:large, max-video-preview:-1\" \/>\n<link rel=\"canonical\" href=\"https:\/\/fluidnatek.com\/es\/aplicaciones-electrospinning\/administracion-farmacos\/\" \/>\n<meta property=\"og:locale\" content=\"es_ES\" \/>\n<meta property=\"og:type\" content=\"article\" \/>\n<meta property=\"og:title\" content=\"Administraci\u00f3n de F\u00e1rmacos | Fluidnatek\" \/>\n<meta property=\"og:description\" content=\"Gracias a los procesos de electrospinning y electrospraying se puede liberar de forma controlada los f\u00e1rmacos de forma eficiente.\" \/>\n<meta property=\"og:url\" content=\"https:\/\/fluidnatek.com\/es\/aplicaciones-electrospinning\/administracion-farmacos\/\" \/>\n<meta property=\"og:site_name\" content=\"Fluidnatek\" \/>\n<meta property=\"article:modified_time\" content=\"2024-03-25T15:50:19+00:00\" \/>\n<meta name=\"twitter:card\" content=\"summary_large_image\" \/>\n<meta name=\"twitter:label1\" content=\"Tiempo de lectura\" \/>\n\t<meta name=\"twitter:data1\" content=\"3 minutos\" \/>\n<script type=\"application\/ld+json\" class=\"yoast-schema-graph\">{\"@context\":\"https:\\\/\\\/schema.org\",\"@graph\":[{\"@type\":\"WebPage\",\"@id\":\"https:\\\/\\\/fluidnatek.com\\\/es\\\/aplicaciones-electrospinning\\\/administracion-farmacos\\\/\",\"url\":\"https:\\\/\\\/fluidnatek.com\\\/es\\\/aplicaciones-electrospinning\\\/administracion-farmacos\\\/\",\"name\":\"Administraci\u00f3n de F\u00e1rmacos | Fluidnatek\",\"isPartOf\":{\"@id\":\"https:\\\/\\\/fluidnatek.com\\\/es\\\/#website\"},\"datePublished\":\"2023-10-06T06:56:30+00:00\",\"dateModified\":\"2024-03-25T15:50:19+00:00\",\"description\":\"Gracias a los procesos de electrospinning y electrospraying se puede liberar de forma controlada los f\u00e1rmacos de forma eficiente.\",\"breadcrumb\":{\"@id\":\"https:\\\/\\\/fluidnatek.com\\\/es\\\/aplicaciones-electrospinning\\\/administracion-farmacos\\\/#breadcrumb\"},\"inLanguage\":\"es\",\"potentialAction\":[{\"@type\":\"ReadAction\",\"target\":[\"https:\\\/\\\/fluidnatek.com\\\/es\\\/aplicaciones-electrospinning\\\/administracion-farmacos\\\/\"]}]},{\"@type\":\"BreadcrumbList\",\"@id\":\"https:\\\/\\\/fluidnatek.com\\\/es\\\/aplicaciones-electrospinning\\\/administracion-farmacos\\\/#breadcrumb\",\"itemListElement\":[{\"@type\":\"ListItem\",\"position\":1,\"name\":\"Home\",\"item\":\"https:\\\/\\\/fluidnatek.com\\\/es\\\/fluidnatek\\\/\"},{\"@type\":\"ListItem\",\"position\":2,\"name\":\"Aplicaciones\",\"item\":\"https:\\\/\\\/fluidnatek.com\\\/es\\\/aplicaciones-electrospinning\\\/\"},{\"@type\":\"ListItem\",\"position\":3,\"name\":\"Farmac\u00e9utico\"}]},{\"@type\":\"WebSite\",\"@id\":\"https:\\\/\\\/fluidnatek.com\\\/es\\\/#website\",\"url\":\"https:\\\/\\\/fluidnatek.com\\\/es\\\/\",\"name\":\"Fluidnatek\",\"description\":\"Your premium partner in Electrospinning-Electrospraying Equipment\",\"potentialAction\":[{\"@type\":\"SearchAction\",\"target\":{\"@type\":\"EntryPoint\",\"urlTemplate\":\"https:\\\/\\\/fluidnatek.com\\\/es\\\/?s={search_term_string}\"},\"query-input\":{\"@type\":\"PropertyValueSpecification\",\"valueRequired\":true,\"valueName\":\"search_term_string\"}}],\"inLanguage\":\"es\"}]}<\/script>\n<!-- \/ Yoast SEO plugin. -->","yoast_head_json":{"title":"Administraci\u00f3n de F\u00e1rmacos | Fluidnatek","description":"Gracias a los procesos de electrospinning y electrospraying se puede liberar de forma controlada los f\u00e1rmacos de forma eficiente.","robots":{"index":"index","follow":"follow","max-snippet":"max-snippet:-1","max-image-preview":"max-image-preview:large","max-video-preview":"max-video-preview:-1"},"canonical":"https:\/\/fluidnatek.com\/es\/aplicaciones-electrospinning\/administracion-farmacos\/","og_locale":"es_ES","og_type":"article","og_title":"Administraci\u00f3n de F\u00e1rmacos | Fluidnatek","og_description":"Gracias a los procesos de electrospinning y electrospraying se puede liberar de forma controlada los f\u00e1rmacos de forma eficiente.","og_url":"https:\/\/fluidnatek.com\/es\/aplicaciones-electrospinning\/administracion-farmacos\/","og_site_name":"Fluidnatek","article_modified_time":"2024-03-25T15:50:19+00:00","twitter_card":"summary_large_image","twitter_misc":{"Tiempo de lectura":"3 minutos"},"schema":{"@context":"https:\/\/schema.org","@graph":[{"@type":"WebPage","@id":"https:\/\/fluidnatek.com\/es\/aplicaciones-electrospinning\/administracion-farmacos\/","url":"https:\/\/fluidnatek.com\/es\/aplicaciones-electrospinning\/administracion-farmacos\/","name":"Administraci\u00f3n de F\u00e1rmacos | Fluidnatek","isPartOf":{"@id":"https:\/\/fluidnatek.com\/es\/#website"},"datePublished":"2023-10-06T06:56:30+00:00","dateModified":"2024-03-25T15:50:19+00:00","description":"Gracias a los procesos de electrospinning y electrospraying se puede liberar de forma controlada los f\u00e1rmacos de forma eficiente.","breadcrumb":{"@id":"https:\/\/fluidnatek.com\/es\/aplicaciones-electrospinning\/administracion-farmacos\/#breadcrumb"},"inLanguage":"es","potentialAction":[{"@type":"ReadAction","target":["https:\/\/fluidnatek.com\/es\/aplicaciones-electrospinning\/administracion-farmacos\/"]}]},{"@type":"BreadcrumbList","@id":"https:\/\/fluidnatek.com\/es\/aplicaciones-electrospinning\/administracion-farmacos\/#breadcrumb","itemListElement":[{"@type":"ListItem","position":1,"name":"Home","item":"https:\/\/fluidnatek.com\/es\/fluidnatek\/"},{"@type":"ListItem","position":2,"name":"Aplicaciones","item":"https:\/\/fluidnatek.com\/es\/aplicaciones-electrospinning\/"},{"@type":"ListItem","position":3,"name":"Farmac\u00e9utico"}]},{"@type":"WebSite","@id":"https:\/\/fluidnatek.com\/es\/#website","url":"https:\/\/fluidnatek.com\/es\/","name":"Fluidnatek","description":"Your premium partner in Electrospinning-Electrospraying Equipment","potentialAction":[{"@type":"SearchAction","target":{"@type":"EntryPoint","urlTemplate":"https:\/\/fluidnatek.com\/es\/?s={search_term_string}"},"query-input":{"@type":"PropertyValueSpecification","valueRequired":true,"valueName":"search_term_string"}}],"inLanguage":"es"}]}},"_links":{"self":[{"href":"https:\/\/fluidnatek.com\/es\/wp-json\/wp\/v2\/pages\/53","targetHints":{"allow":["GET"]}}],"collection":[{"href":"https:\/\/fluidnatek.com\/es\/wp-json\/wp\/v2\/pages"}],"about":[{"href":"https:\/\/fluidnatek.com\/es\/wp-json\/wp\/v2\/types\/page"}],"author":[{"embeddable":true,"href":"https:\/\/fluidnatek.com\/es\/wp-json\/wp\/v2\/users\/1"}],"replies":[{"embeddable":true,"href":"https:\/\/fluidnatek.com\/es\/wp-json\/wp\/v2\/comments?post=53"}],"version-history":[{"count":28,"href":"https:\/\/fluidnatek.com\/es\/wp-json\/wp\/v2\/pages\/53\/revisions"}],"predecessor-version":[{"id":5639,"href":"https:\/\/fluidnatek.com\/es\/wp-json\/wp\/v2\/pages\/53\/revisions\/5639"}],"up":[{"embeddable":true,"href":"https:\/\/fluidnatek.com\/es\/wp-json\/wp\/v2\/pages\/18"}],"wp:attachment":[{"href":"https:\/\/fluidnatek.com\/es\/wp-json\/wp\/v2\/media?parent=53"}],"curies":[{"name":"wp","href":"https:\/\/api.w.org\/{rel}","templated":true}]}}