{"id":444,"date":"2023-10-11T15:24:46","date_gmt":"2023-10-11T15:24:46","guid":{"rendered":"http:\/\/fluidnatek.com\/?page_id=444"},"modified":"2024-09-25T14:19:52","modified_gmt":"2024-09-25T14:19:52","slug":"noticias","status":"publish","type":"page","link":"https:\/\/fluidnatek.com\/es\/noticias\/","title":{"rendered":"Noticias"},"content":{"rendered":"\n\t<section class=\"section cover-half\" id=\"section_714292508\">\n\t\t<div class=\"section-bg fill\" >\n\t\t\t<img loading=\"lazy\" decoding=\"async\" width=\"1920\" height=\"1080\" src=\"https:\/\/fluidnatek.com\/wp-content\/uploads\/2023\/10\/fluidnatek-noticias.jpg\" class=\"bg attachment-original size-original\" alt=\"\" \/>\t\t\t\t\t\t<div class=\"section-bg-overlay absolute fill\"><\/div>\n\t\t\t\n\n\t\t<\/div>\n\n\t\t\n\n\t\t<div class=\"section-content relative\">\n\t\t\t\n<div class=\"row row-collapse\"  id=\"row-1806089831\">\n\n\t<div id=\"col-2032783016\" class=\"col medium-7 small-12 large-7\"  >\n\t\t\t\t<div class=\"col-inner\"  >\n\t\t\t\n\t\t\t\n<h1 class=\"margin-bottom-0 head-l color-white\">Sigue nuestras <span class=\"color-green-light-sea\">noticias<\/span><span class=\"color-white\"> de electrospinning<\/span><\/h1>\n<a href=\"\/es\/contacto\/\" class=\"button primary button-primary variant-arrow-blue margin-top-m\" >\n\t\t<span>M\u00e1s informaci\u00f3n<\/span>\n\t<\/a>\n\n\t\t<\/div>\n\t\t\t\t\t<\/div>\n\n\t\n<\/div>\n\t\t<\/div>\n\n\t\t\n<style>\n#section_714292508 {\n  padding-top: 0pc;\n  padding-bottom: 0pc;\n}\n#section_714292508 .section-bg-overlay {\n  background-color: rgba(37, 74, 116, 0.55);\n}\n<\/style>\n\t<\/section>\n\t\n\n\t<section class=\"section has-network-node\" id=\"section_1572455214\">\n\t\t<div class=\"section-bg fill\" >\n\t\t\t\t\t\t\t\t\t\n\t\t\t\n\n\t\t<\/div>\n\n\t\t\n\n\t\t<div class=\"section-content relative\">\n\t\t\t\n<div class=\"row row-collapse row-full-width\"  id=\"row-847345281\">\n\n\t<div id=\"col-238494317\" class=\"col small-12 large-12\"  >\n\t\t\t\t<div class=\"col-inner\"  >\n\t\t\t\n\t\t\t  <section class=\"section padding-top-l padding-right-s padding-left-s padding-bottom-0 noticias_categories_list\" id=\"section_noticias_categories\">\n    <div class=\"bg section-bg fill bg-fill bg-loaded\">\n    <\/div>\n\n    <div class=\"section-content relative\">\n      <div\n        class=\"row row-collapse slider-horizontal-nav display-grid grid-template-columns-5 md-grid-template-columns-3 sm-grid-template-columns-1 grid-gap-m sm-grid-gap-s\"\n        id=\"row-953299914\">\n\n              <\/div>\n    <\/div>\n\n    <style>\n      #section_noticias_categories {\n        padding-top: 0px;\n        padding-bottom: 0px;\n      }\n    <\/style>\n  <\/section>\n    <style>\n    .noticias_categories_list {\n      margin: 0 auto;\n    }\n\n    .noticias_post>.section-content>.row {\n      width: 100%;\n    }\n\n    .noticias_post.odd::after {\n      width: 100%;\n      height: 1200px;\n      content: \"\";\n      position: absolute;\n      top: 180px;\n      left: 0;\n      background-color: var(--color-blue-indigo-eye);\n      opacity: .03;\n      border-radius: var(--gap-s) !important;\n    }\n\n    .noticias_image {\n      width: 100%;\n      height: 410px;\n      overflow: hidden;\n      border-radius: var(--gap-xs) var(--gap-xs) var(--gap-xs) var(--gap-xs);\n    }\n\n    .noticias_image>img {\n      object-fit: cover;\n      width: 100%;\n      height: 100%;\n    }\n\n    .noticias_pag_svg svg {\n      fill: var(--color-blue-indigo-eye);\n      margin-bottom: -1px;\n    }\n\n    .noticias_pag_svg.flipped svg {\n      transform: rotate(180deg);\n    }\n\n    a.post_container:hover>.col>.row_post_text>.col>.col-inner>.button-primary::before {\n      position: absolute;\n      left: 100%;\n    }\n\n    a.post_container:hover>.col>.row_post_text>.col>.col-inner>.button-primary>span {\n      margin-left: 0;\n    }\n\n\n    a.button-secondary:hover svg {\n      fill: white;\n    }\n\n    @media only screen and (max-width:767px) {\n      .noticias_post {\n        padding-left: var(--gap-s);\n        padding-right: var(--gap-s);\n      }\n    }\n\n    @media only screen and (max-width:640px) {\n      .noticias_post>.section-content>.row {\n        display: block;\n        padding-top: 0;\n        padding-bottom: 0;\n      }\n\n      .noticias_post>.section-content>.row>.col {\n        padding-top: var(--gap-s) !important;\n        padding-bottom: var(--gap-s) !important;\n        display: block;\n      }\n    }\n  <\/style>\n    <div class=\"noticias\">\n    <section class=\"section noticias_post padding-top-l padding-right-s padding-bottom-xl padding-left-s\" id=\"section_posts\">\n      <div class=\"bg section-bg fill bg-fill bg-loaded\">\n      <\/div>\n\n      <div class=\"section-content relative\">\n        <div class=\"row row-collapse display-grid grid-template-columns-2 sm-grid-template-columns-1 grid-gap-m\"\n          id=\"row-posts\">\n          \n  <a href=\"https:\/\/fluidnatek.com\/es\/control-ambiental-en-el-electrospinning-como-la-temperatura-y-la-humedad-determinan-la-morfologia-de-las-fibras-y-por-que-ecu-marca-la-diferencia\/\" target=\"_self\" class=\"post_container\">\n    <div id=\"col-0\" class=\"col medium-12 small-12 large-12 display-flex flex-direction-column\">\n      <div class=\"row row-collapse row_post_img\">\n        <div id=\"col-0_img\" class=\"col medium-12 small-12 large-12\">\n          <div class=\"col-inner\">\n              <div class=\"noticias_image margin-bottom-s\">\n    <img decoding=\"async\" src=\"https:\/\/fluidnatek.com\/wp-content\/uploads\/ECU-scaled.png\" alt=\"post-featured-image\" \/>\n  <\/div>\n            <\/div>\n        <\/div>\n      <\/div>\n\n      <div class=\"row row-collapse height-100 row_post_text\">\n        <div id=\"col-0_content\"\n          class=\"col medium-12 small-12 large-12 height-100 display-flex flex-direction-column justify-content-space-between\">\n          <div class=\"col-inner\">\n              <div>\n    <span class=\"noticias_title body-m color-blue-indigo-eye font-weight-700\">\n      Control ambiental en el electrospinning: c\u00f3mo la temperatura y la humedad determinan la morfolog\u00eda de las fibras, y por qu\u00e9 ECU marca la diferencia    <\/span>\n    <span class=\"noticias_title body-m color-blue-indigo-eye\">\n      |\n      Las condiciones ambientales influyen considerablemente en los resultados del electrospinning, especialmente en el di\u00e1metro de las fibras, su morfolog\u00eda y la reproducibilidad entre lotes. La humedad ...    <\/span>\n  <\/div>\n    <div class=\"button primary button-primary margin-top-s\">\n    <span>\n      Leer m\u00e1s sobre    <\/span>\n  <\/div>\n            <\/div>\n        <\/div>\n      <\/div>\n    <\/div>\n  <\/a>\n  \n  <a href=\"https:\/\/fluidnatek.com\/es\/fluidnatek-presente-en-la-spain-united-states-business-summit\/\" target=\"_self\" class=\"post_container\">\n    <div id=\"col-1\" class=\"col medium-12 small-12 large-12 display-flex flex-direction-column\">\n      <div class=\"row row-collapse row_post_img\">\n        <div id=\"col-1_img\" class=\"col medium-12 small-12 large-12\">\n          <div class=\"col-inner\">\n              <div class=\"noticias_image margin-bottom-s\">\n    <img decoding=\"async\" src=\"https:\/\/fluidnatek.com\/wp-content\/uploads\/2026_Boston_ICEX2.jpg\" alt=\"post-featured-image\" \/>\n  <\/div>\n            <\/div>\n        <\/div>\n      <\/div>\n\n      <div class=\"row row-collapse height-100 row_post_text\">\n        <div id=\"col-1_content\"\n          class=\"col medium-12 small-12 large-12 height-100 display-flex flex-direction-column justify-content-space-between\">\n          <div class=\"col-inner\">\n              <div>\n    <span class=\"noticias_title body-m color-blue-indigo-eye font-weight-700\">\n      Fluidnatek, presente en la Spain\u2013United States Business Summit    <\/span>\n    <span class=\"noticias_title body-m color-blue-indigo-eye\">\n      |\n      Boston como ecosistema global de innovaci\u00f3n biotecnol\u00f3gica\r\nBoston sigue consolid\u00e1ndose como uno de los centros biotecnol\u00f3gicos m\u00e1s importantes y din\u00e1micos del mundo, al reunir a instituciones d...    <\/span>\n  <\/div>\n    <div class=\"button primary button-primary margin-top-s\">\n    <span>\n      Leer m\u00e1s sobre    <\/span>\n  <\/div>\n            <\/div>\n        <\/div>\n      <\/div>\n    <\/div>\n  <\/a>\n  \n  <a href=\"https:\/\/fluidnatek.com\/es\/proximamente-nuevo-seminario-web-electrospinning-de-emulsiones-estabilizadas-con-nanocelulosa-para-obtener-fibras-multifasicas\/\" target=\"_self\" class=\"post_container\">\n    <div id=\"col-2\" class=\"col medium-12 small-12 large-12 display-flex flex-direction-column\">\n      <div class=\"row row-collapse row_post_img\">\n        <div id=\"col-2_img\" class=\"col medium-12 small-12 large-12\">\n          <div class=\"col-inner\">\n              <div class=\"noticias_image margin-bottom-s\">\n    <img decoding=\"async\" src=\"https:\/\/fluidnatek.com\/wp-content\/uploads\/2024\/09\/Foto-fondo-post-web-copia.png\" alt=\"post-featured-image\" \/>\n  <\/div>\n            <\/div>\n        <\/div>\n      <\/div>\n\n      <div class=\"row row-collapse height-100 row_post_text\">\n        <div id=\"col-2_content\"\n          class=\"col medium-12 small-12 large-12 height-100 display-flex flex-direction-column justify-content-space-between\">\n          <div class=\"col-inner\">\n              <div>\n    <span class=\"noticias_title body-m color-blue-indigo-eye font-weight-700\">\n      Pr\u00f3ximamente, nuevo seminario web: \u00abElectrospinning de emulsiones estabilizadas con nanocelulosa para obtener fibras multif\u00e1sicas\u00bb.    <\/span>\n    <span class=\"noticias_title body-m color-blue-indigo-eye\">\n      |\n      \u00danete a nuestro pr\u00f3ximo seminario web con la Dra. Vanessa Oliveira Castro (TUBAF): \u00abElectrospinning de emulsiones estabilizadas con nanocelulosa para obtener fibras multif\u00e1sicas\u00bb.\nFecha: Febrero ...    <\/span>\n  <\/div>\n    <div class=\"button primary button-primary margin-top-s\">\n    <span>\n      Leer m\u00e1s sobre    <\/span>\n  <\/div>\n            <\/div>\n        <\/div>\n      <\/div>\n    <\/div>\n  <\/a>\n  \n  <a href=\"https:\/\/fluidnatek.com\/es\/gracias-dgbm-2025-impulsando-el-futuro-de-las-nanofibras-biomedicas\/\" target=\"_self\" class=\"post_container\">\n    <div id=\"col-3\" class=\"col medium-12 small-12 large-12 display-flex flex-direction-column\">\n      <div class=\"row row-collapse row_post_img\">\n        <div id=\"col-3_img\" class=\"col medium-12 small-12 large-12\">\n          <div class=\"col-inner\">\n              <div class=\"noticias_image margin-bottom-s\">\n    <img decoding=\"async\" src=\"https:\/\/fluidnatek.com\/wp-content\/uploads\/DGBM-banner-1.jpg\" alt=\"post-featured-image\" \/>\n  <\/div>\n            <\/div>\n        <\/div>\n      <\/div>\n\n      <div class=\"row row-collapse height-100 row_post_text\">\n        <div id=\"col-3_content\"\n          class=\"col medium-12 small-12 large-12 height-100 display-flex flex-direction-column justify-content-space-between\">\n          <div class=\"col-inner\">\n              <div>\n    <span class=\"noticias_title body-m color-blue-indigo-eye font-weight-700\">\n      Fluidnatek en DGBM 2025: dando forma al futuro de los materiales biom\u00e9dicos    <\/span>\n    <span class=\"noticias_title body-m color-blue-indigo-eye\">\n      |\n      \u00a1La conferencia de la Sociedad Alemana de Biomateriales 2025 (DGBM) en Dresde ha culminado, dej\u00e1ndonos inspirados y profundamente agradecidos por el intercambio de conocimientos con l\u00edderes en biom...    <\/span>\n  <\/div>\n    <div class=\"button primary button-primary margin-top-s\">\n    <span>\n      Leer m\u00e1s sobre    <\/span>\n  <\/div>\n            <\/div>\n        <\/div>\n      <\/div>\n    <\/div>\n  <\/a>\n          <\/div>\n\n        <div class=\"row row-collapse\" id=\"row-posts\">\n              <div id=\"col-noticias_pagination\"\n      class=\"col medium-12 small-12 large-12 display-flex flex-direction-row justify-content-center margin-top-l margin-bottom-m grid-gap-s\">\n\n      \n      <div class=\"sm-display-none display-flex flex-direction-row justify-content-center  grid-gap-s\">\n        \n  <a href=\"?pag=1\" target=\"_self\"\n    class=\"button primary button-secondary variant-circle  active \">\n          <span>\n        1      <\/span>\n      \n\n  <\/a>\n  \n  <a href=\"?pag=2\" target=\"_self\"\n    class=\"button primary button-secondary variant-circle \">\n          <span>\n        2      <\/span>\n      \n\n  <\/a>\n  \n  <a href=\"?pag=3\" target=\"_self\"\n    class=\"button primary button-secondary variant-circle \">\n          <span>\n        3      <\/span>\n      \n\n  <\/a>\n  \n  <a href=\"?pag=4\" target=\"_self\"\n    class=\"button primary button-secondary variant-circle \">\n          <span>\n        4      <\/span>\n      \n\n  <\/a>\n        <\/div>\n\n      \n  <a href=\"?pag=2\" target=\"_self\"\n    class=\"button primary button-secondary variant-circle \">\n          <span class=\"noticias_pag_svg \">\n          <svg xmlns=\"http:\/\/www.w3.org\/2000\/svg\" width=\"12\" height=\"12\" viewBox=\"0 0 12 12\" fill=\"none\">\n    <path\n      d=\"M11.7479 5.39379C11.8278 5.4734 11.8912 5.56798 11.9345 5.67213C11.9777 5.77628 12 5.88794 12 6.00071C12 6.11348 11.9777 6.22514 11.9345 6.32929C11.8912 6.43344 11.8278 6.52803 11.7479 6.60763L6.60566 11.7486C6.44466 11.9096 6.22629 12 5.99859 12C5.77089 12 5.55252 11.9096 5.39152 11.7486C5.23051 11.5876 5.14006 11.3693 5.14006 11.1417C5.14006 10.914 5.23051 10.6957 5.39152 10.5348L9.07038 6.85683H0.857044C0.629741 6.85683 0.411749 6.76655 0.251022 6.60587C0.0902954 6.44518 0 6.22724 0 6C0 5.77275 0.0902954 5.55482 0.251022 5.39413C0.411749 5.23344 0.629741 5.14317 0.857044 5.14317H9.07038L5.39295 1.46523C5.23194 1.30427 5.14149 1.08595 5.14149 0.858315C5.14149 0.630676 5.23194 0.41236 5.39295 0.251395C5.55395 0.0904294 5.77232 1.69604e-09 6.00002 0C6.22772 -1.69604e-09 6.44609 0.0904294 6.60709 0.251395L11.7479 5.39379Z\" \/>\n  <\/svg>\n        <\/span>\n      \n\n  <\/a>\n      <\/div>\n            <\/div>\n      <\/div>\n    <\/section>\n  <\/div>\n  \n\n\t\t<\/div>\n\t\t\t\t\t<\/div>\n\n\t\n<\/div>\n\n\t\t<\/div>\n\n\t\t\n<style>\n#section_1572455214 {\n  padding-top: 0px;\n  padding-bottom: 0px;\n}\n<\/style>\n\t<\/section>\n\t\n","protected":false},"excerpt":{"rendered":"","protected":false},"author":2,"featured_media":0,"parent":0,"menu_order":0,"comment_status":"closed","ping_status":"closed","template":"page-transparent-header.php","meta":{"_acf_changed":false,"inline_featured_image":false,"footnotes":""},"class_list":["post-444","page","type-page","status-publish","hentry"],"acf":[],"yoast_head":"<!-- This site is optimized with the Yoast SEO plugin v27.3 - https:\/\/yoast.com\/product\/yoast-seo-wordpress\/ -->\n<title>Not\u00edcias sobre Electrospinning | Fluidnatek<\/title>\n<meta name=\"description\" content=\"Mantente al d\u00eda de todas las novedades del sector del eslectrospinning y electrospraying. Encuentra las \u00faltimas noticias destacadas aqu\u00ed.\" \/>\n<meta name=\"robots\" content=\"index, follow, max-snippet:-1, max-image-preview:large, max-video-preview:-1\" \/>\n<link rel=\"canonical\" href=\"https:\/\/fluidnatek.com\/es\/noticias\/\" \/>\n<meta property=\"og:locale\" content=\"es_ES\" \/>\n<meta property=\"og:type\" content=\"article\" \/>\n<meta property=\"og:title\" content=\"Not\u00edcias sobre Electrospinning | Fluidnatek\" \/>\n<meta property=\"og:description\" content=\"Mantente al d\u00eda de todas las novedades del sector del eslectrospinning y electrospraying. Encuentra las \u00faltimas noticias destacadas aqu\u00ed.\" \/>\n<meta property=\"og:url\" content=\"https:\/\/fluidnatek.com\/es\/noticias\/\" \/>\n<meta property=\"og:site_name\" content=\"Fluidnatek\" \/>\n<meta property=\"article:modified_time\" content=\"2024-09-25T14:19:52+00:00\" \/>\n<meta name=\"twitter:card\" content=\"summary_large_image\" \/>\n<meta name=\"twitter:label1\" content=\"Tiempo de lectura\" \/>\n\t<meta name=\"twitter:data1\" content=\"1 minuto\" \/>\n<script type=\"application\/ld+json\" class=\"yoast-schema-graph\">{\"@context\":\"https:\\\/\\\/schema.org\",\"@graph\":[{\"@type\":\"WebPage\",\"@id\":\"https:\\\/\\\/fluidnatek.com\\\/es\\\/noticias\\\/\",\"url\":\"https:\\\/\\\/fluidnatek.com\\\/es\\\/noticias\\\/\",\"name\":\"Not\u00edcias sobre Electrospinning | Fluidnatek\",\"isPartOf\":{\"@id\":\"https:\\\/\\\/fluidnatek.com\\\/es\\\/#website\"},\"datePublished\":\"2023-10-11T15:24:46+00:00\",\"dateModified\":\"2024-09-25T14:19:52+00:00\",\"description\":\"Mantente al d\u00eda de todas las novedades del sector del eslectrospinning y electrospraying. Encuentra las \u00faltimas noticias destacadas aqu\u00ed.\",\"breadcrumb\":{\"@id\":\"https:\\\/\\\/fluidnatek.com\\\/es\\\/noticias\\\/#breadcrumb\"},\"inLanguage\":\"es\",\"potentialAction\":[{\"@type\":\"ReadAction\",\"target\":[\"https:\\\/\\\/fluidnatek.com\\\/es\\\/noticias\\\/\"]}]},{\"@type\":\"BreadcrumbList\",\"@id\":\"https:\\\/\\\/fluidnatek.com\\\/es\\\/noticias\\\/#breadcrumb\",\"itemListElement\":[{\"@type\":\"ListItem\",\"position\":1,\"name\":\"Home\",\"item\":\"https:\\\/\\\/fluidnatek.com\\\/es\\\/fluidnatek\\\/\"},{\"@type\":\"ListItem\",\"position\":2,\"name\":\"Noticias\"}]},{\"@type\":\"WebSite\",\"@id\":\"https:\\\/\\\/fluidnatek.com\\\/es\\\/#website\",\"url\":\"https:\\\/\\\/fluidnatek.com\\\/es\\\/\",\"name\":\"Fluidnatek\",\"description\":\"Your premium partner in Electrospinning-Electrospraying Equipment\",\"potentialAction\":[{\"@type\":\"SearchAction\",\"target\":{\"@type\":\"EntryPoint\",\"urlTemplate\":\"https:\\\/\\\/fluidnatek.com\\\/es\\\/?s={search_term_string}\"},\"query-input\":{\"@type\":\"PropertyValueSpecification\",\"valueRequired\":true,\"valueName\":\"search_term_string\"}}],\"inLanguage\":\"es\"}]}<\/script>\n<!-- \/ Yoast SEO plugin. -->","yoast_head_json":{"title":"Not\u00edcias sobre Electrospinning | Fluidnatek","description":"Mantente al d\u00eda de todas las novedades del sector del eslectrospinning y electrospraying. Encuentra las \u00faltimas noticias destacadas aqu\u00ed.","robots":{"index":"index","follow":"follow","max-snippet":"max-snippet:-1","max-image-preview":"max-image-preview:large","max-video-preview":"max-video-preview:-1"},"canonical":"https:\/\/fluidnatek.com\/es\/noticias\/","og_locale":"es_ES","og_type":"article","og_title":"Not\u00edcias sobre Electrospinning | Fluidnatek","og_description":"Mantente al d\u00eda de todas las novedades del sector del eslectrospinning y electrospraying. Encuentra las \u00faltimas noticias destacadas aqu\u00ed.","og_url":"https:\/\/fluidnatek.com\/es\/noticias\/","og_site_name":"Fluidnatek","article_modified_time":"2024-09-25T14:19:52+00:00","twitter_card":"summary_large_image","twitter_misc":{"Tiempo de lectura":"1 minuto"},"schema":{"@context":"https:\/\/schema.org","@graph":[{"@type":"WebPage","@id":"https:\/\/fluidnatek.com\/es\/noticias\/","url":"https:\/\/fluidnatek.com\/es\/noticias\/","name":"Not\u00edcias sobre Electrospinning | Fluidnatek","isPartOf":{"@id":"https:\/\/fluidnatek.com\/es\/#website"},"datePublished":"2023-10-11T15:24:46+00:00","dateModified":"2024-09-25T14:19:52+00:00","description":"Mantente al d\u00eda de todas las novedades del sector del eslectrospinning y electrospraying. Encuentra las \u00faltimas noticias destacadas aqu\u00ed.","breadcrumb":{"@id":"https:\/\/fluidnatek.com\/es\/noticias\/#breadcrumb"},"inLanguage":"es","potentialAction":[{"@type":"ReadAction","target":["https:\/\/fluidnatek.com\/es\/noticias\/"]}]},{"@type":"BreadcrumbList","@id":"https:\/\/fluidnatek.com\/es\/noticias\/#breadcrumb","itemListElement":[{"@type":"ListItem","position":1,"name":"Home","item":"https:\/\/fluidnatek.com\/es\/fluidnatek\/"},{"@type":"ListItem","position":2,"name":"Noticias"}]},{"@type":"WebSite","@id":"https:\/\/fluidnatek.com\/es\/#website","url":"https:\/\/fluidnatek.com\/es\/","name":"Fluidnatek","description":"Your premium partner in Electrospinning-Electrospraying Equipment","potentialAction":[{"@type":"SearchAction","target":{"@type":"EntryPoint","urlTemplate":"https:\/\/fluidnatek.com\/es\/?s={search_term_string}"},"query-input":{"@type":"PropertyValueSpecification","valueRequired":true,"valueName":"search_term_string"}}],"inLanguage":"es"}]}},"_links":{"self":[{"href":"https:\/\/fluidnatek.com\/es\/wp-json\/wp\/v2\/pages\/444","targetHints":{"allow":["GET"]}}],"collection":[{"href":"https:\/\/fluidnatek.com\/es\/wp-json\/wp\/v2\/pages"}],"about":[{"href":"https:\/\/fluidnatek.com\/es\/wp-json\/wp\/v2\/types\/page"}],"author":[{"embeddable":true,"href":"https:\/\/fluidnatek.com\/es\/wp-json\/wp\/v2\/users\/2"}],"replies":[{"embeddable":true,"href":"https:\/\/fluidnatek.com\/es\/wp-json\/wp\/v2\/comments?post=444"}],"version-history":[{"count":18,"href":"https:\/\/fluidnatek.com\/es\/wp-json\/wp\/v2\/pages\/444\/revisions"}],"predecessor-version":[{"id":7055,"href":"https:\/\/fluidnatek.com\/es\/wp-json\/wp\/v2\/pages\/444\/revisions\/7055"}],"wp:attachment":[{"href":"https:\/\/fluidnatek.com\/es\/wp-json\/wp\/v2\/media?parent=444"}],"curies":[{"name":"wp","href":"https:\/\/api.w.org\/{rel}","templated":true}]}}