{"id":18,"date":"2023-10-06T06:49:51","date_gmt":"2023-10-06T06:49:51","guid":{"rendered":"http:\/\/fluidnatek.com\/?page_id=18"},"modified":"2024-12-09T08:41:27","modified_gmt":"2024-12-09T08:41:27","slug":"aplicaciones-electrospinning","status":"publish","type":"page","link":"https:\/\/fluidnatek.com\/es\/aplicaciones-electrospinning\/","title":{"rendered":"Aplicaciones"},"content":{"rendered":"\n\t<section class=\"section cover\" id=\"section_1080780133\">\n\t\t<div class=\"section-bg fill\" >\n\t\t\t<img loading=\"lazy\" decoding=\"async\" width=\"1920\" height=\"1080\" src=\"https:\/\/fluidnatek.com\/wp-content\/uploads\/2023\/10\/equipos-plataformas-multiproposito.jpg\" class=\"bg attachment-original size-original\" alt=\"\" \/>\t\t\t\t\t\t<div class=\"section-bg-overlay absolute fill\"><\/div>\n\t\t\t\n\n\t\t<\/div>\n\n\t\t\n\n\t\t<div class=\"section-content relative\">\n\t\t\t\n<div class=\"row row-collapse\"  id=\"row-432918978\">\n\n\t<div id=\"col-1401714737\" class=\"col medium-7 small-12 large-7\"  >\n\t\t\t\t<div class=\"col-inner\"  >\n\t\t\t\n\t\t\t\n<h1 class=\"margin-bottom-0 head-l color-white\">Pasa al siguiente nivel con <span class=\"color-green-light-sea\">nanofibras<\/span> &amp; <span class=\"color-green-light-sea\">nanopart\u00edculas<\/span><\/h1>\n<p class=\"margin-top-m margin-bottom-0 body-xl color-white\">\u00a0<\/p>\n<a href=\"http:\/\/fluidnatek.com\/contact\/\" class=\"button primary button-primary variant-arrow-blue margin-top-m\" >\n\t\t<span>M\u00e1s informaci\u00f3n<\/span>\n\t<\/a>\n\n\t\t<\/div>\n\t\t\t\t\t<\/div>\n\n\t\n<\/div>\n\t\t<\/div>\n\n\t\t\n<style>\n#section_1080780133 {\n  padding-top: 0pc;\n  padding-bottom: 0pc;\n}\n#section_1080780133 .section-bg-overlay {\n  background-color: rgba(37, 74, 116, 0.55);\n}\n<\/style>\n\t<\/section>\n\t\n\n\t<section class=\"section padding-top-l padding-right-s padding-l padding-left-s\" id=\"section_990580801\">\n\t\t<div class=\"section-bg fill\" >\n\t\t\t\t\t\t\t\t\t\n\t\t\t\n\n\t\t<\/div>\n\n\t\t\n\n\t\t<div class=\"section-content relative\">\n\t\t\t\n<span class=\"scroll-to\" data-label=\"Scroll to: #plataformas-multiproposito\" data-bullet=\"false\" data-link=\"#plataformas-multiproposito\" data-title=\"#plataformas-multiproposito\"><a name=\"plataformas-multiproposito\"><\/a><\/span>\n<div class=\"row row-collapse\"  id=\"row-876402262\">\n\n\t<div id=\"col-839250217\" class=\"col small-12 large-12\"  >\n\t\t\t\t<div class=\"col-inner\"  >\n\t\t\t\n\t\t\t\n<h2 class=\"margin-bottom-0 head-corporative head-m\">Aplicaciones de Electrospinning<\/h2>\n\t\t<\/div>\n\t\t\t\t\t<\/div>\n\n\t\n<\/div>\n\t<div id=\"gap-140742389\" class=\"gap-element clearfix\" style=\"display:block; height:auto;\">\n\t\t\n<style>\n#gap-140742389 {\n  padding-top: 30px;\n}\n<\/style>\n\t<\/div>\n\t\n<div class=\"row row-small display-flex justify-content-space-between\"  id=\"row-1502471719\">\n\n\t<div id=\"col-114322867\" class=\"col small-12 large-12\"  >\n\t\t\t\t<div class=\"col-inner\"  >\n\t\t\t\n\t\t\t\n<p>Fluidnatek es l\u00edder en tecnolog\u00eda de electrospinning y ofrece soluciones avanzadas para una amplia gama de sectores, como el farmac\u00e9utico, biom\u00e9dico, energ\u00e9tico, de filtraci\u00f3n y de nuevos materiales. Aqu\u00ed puede encontrar una muestra de c\u00f3mo nuestra tecnolog\u00eda y equipos de vanguardia pueden revolucionar el procesamiento de materiales y las aplicaciones en estos diversos campos. Nos enorgullecemos de nuestras aplicaciones y procesamiento de materiales de electrospinning, que est\u00e1n dise\u00f1adas no s\u00f3lo para satisfacer sino para superar las expectativas y necesidades de nuestros clientes en cada uno de estos sectores.<\/p>\n<p>En todos estos sectores, nuestro compromiso con el desarrollo del procesado y aplicaciones de materiales de electrospinning sigue siendo inquebrantable. Somos conscientes de que el \u00e9xito de los proyectos de nuestros clientes depende de la fiabilidad y calidad de nuestro proceso de electrospinning. Por ello, invertimos continuamente en investigaci\u00f3n y desarrollo para garantizar que nuestra tecnolog\u00eda de fabricaci\u00f3n a escala nanom\u00e9trica con electrospinning se mantiene a la vanguardia.<\/p>\n<p>Sea cual sea su sector o la actividad que desempe\u00f1e, nuestras aplicaciones y procesamiento de materiales de electrospinning est\u00e1n aqu\u00ed para mejorar sus proyectos. Con Fluidnatek, no s\u00f3lo est\u00e1 adoptando una tecnolog\u00eda; se est\u00e1 asociando con un l\u00edder en nanofabricaci\u00f3n con electrospinning, comprometido a ayudarle a conseguir lo extraordinario. Descubra c\u00f3mo nuestro proceso de electrospinning puede transformar su industria y llevar sus proyectos al siguiente nivel.<\/p>\n\t\t<\/div>\n\t\t\t\t\t<\/div>\n\n\t\n<\/div>\n<div class=\"row row-collapse slider-horizontal-nav display-grid grid-template-columns-6 md-grid-template-columns-3 sm-grid-template-columns-1 grid-gap-m sm-grid-gap-s padding-top-m\"  id=\"row-697445120\">\n\n\t<div id=\"col-1631065920\" class=\"col large-12\"  >\n\t\t\t\t<div class=\"col-inner\"  >\n\t\t\t\n\t\t\t\n<a href=\"http:\/\/fluidnatek.com\/es\/aplicaciones-electrospinning\/biomedico\/\" class=\"button primary button-secondary variant-full-width active\" >\n\t\t<span>BIOM\u00c9DICO<\/span>\n\t<\/a>\n\n\t\t<\/div>\n\t\t\t\t\t<\/div>\n\n\t\n\n\t<div id=\"col-673187695\" class=\"col large-12\"  >\n\t\t\t\t<div class=\"col-inner\"  >\n\t\t\t\n\t\t\t\n<a href=\"http:\/\/fluidnatek.com\/es\/aplicaciones-electrospinning\/administracion-farmacos\/\" class=\"button primary button-secondary variant-full-width\" >\n\t\t<span>FARMAC\u00c9UTICO<\/span>\n\t<\/a>\n\n\t\t<\/div>\n\t\t\t\t\t<\/div>\n\n\t\n\n\t<div id=\"col-749810395\" class=\"col large-12\"  >\n\t\t\t\t<div class=\"col-inner\"  >\n\t\t\t\n\t\t\t\n<a href=\"http:\/\/fluidnatek.com\/es\/aplicaciones-electrospinning\/energia\/\" class=\"button primary button-secondary variant-full-width\" >\n\t\t<span>ENERG\u00cdA<\/span>\n\t<\/a>\n\n\t\t<\/div>\n\t\t\t\t\t<\/div>\n\n\t\n\n\t<div id=\"col-1076036919\" class=\"col large-12\"  >\n\t\t\t\t<div class=\"col-inner\"  >\n\t\t\t\n\t\t\t\n<a href=\"http:\/\/fluidnatek.com\/es\/aplicaciones-electrospinning\/filtracion\/\" class=\"button primary button-secondary variant-full-width\" >\n\t\t<span>FILTRACI\u00d3N<\/span>\n\t<\/a>\n\n\t\t<\/div>\n\t\t\t\t\t<\/div>\n\n\t\n\n\t<div id=\"col-668976065\" class=\"col large-12\"  >\n\t\t\t\t<div class=\"col-inner\"  >\n\t\t\t\n\t\t\t\n<a href=\"http:\/\/fluidnatek.com\/es\/aplicaciones-electrospinning\/materiales-electrohilados\/\" class=\"button primary button-secondary variant-full-width\" >\n\t\t<span>NUEVOS MATERIALES<\/span>\n\t<\/a>\n\n\t\t<\/div>\n\t\t\t\t\t<\/div>\n\n\t\n\n\t<div id=\"col-1559588621\" class=\"col large-12\"  >\n\t\t\t\t<div class=\"col-inner\"  >\n\t\t\t\n\t\t\t\n<a href=\"http:\/\/fluidnatek.com\/es\/aplicaciones-electrospinning\/cosmetica\/\" class=\"button primary button-secondary variant-full-width\" >\n\t\t<span>COSM\u00c9TICA<\/span>\n\t<\/a>\n\n\t\t<\/div>\n\t\t\t\t\t<\/div>\n\n\t\n<\/div>\n\t\t<\/div>\n\n\t\t\n<style>\n#section_990580801 {\n  padding-top: 0px;\n  padding-bottom: 0px;\n}\n<\/style>\n\t<\/section>\n\t\n\n\n\n\t<section class=\"section padding-top-l padding-right-s padding-bottom-l padding-left-s background-color-white-blue border-bottom-right-radius-s border-bottom-left-radius-s\" id=\"section_1794702449\">\n\t\t<div class=\"section-bg fill\" >\n\t\t\t\t\t\t\t\t\t\n\t\t\t\n\n\t\t<\/div>\n\n\t\t\n\n\t\t<div class=\"section-content relative\">\n\t\t\t\n<div class=\"row\"  id=\"row-1609666053\">\n\n\t<div id=\"col-1903213855\" class=\"col small-12 large-12\"  >\n\t\t\t\t<div class=\"col-inner\"  >\n\t\t\t\n\t\t\t\n<h2 class=\"margin-bottom-0 head-corporative head-m\">Aprenda sobre otras aplicaciones<\/h2>\n<p>\u00a0<\/p>\n\t\t<\/div>\n\t\t\t\t\t<\/div>\n\n\t\n<\/div>\n<div class=\"row column-image-full-height\"  id=\"row-626289715\">\n\n\t<div id=\"col-1805484253\" class=\"col medium-6 small-12 large-6\"  >\n\t\t\t\t<div class=\"col-inner\"  >\n\t\t\t\n\t\t\t\n<p>En el sector Farmac\u00e9utico, la precisi\u00f3n y versatilidad de nuestro proceso de electrospinning son cruciales. Nuestra tecnolog\u00eda permite producir sistemas de administraci\u00f3n de f\u00e1rmacos, ap\u00f3sitos para heridas y otros dispositivos m\u00e9dicos con propiedades de liberaci\u00f3n controlada y funcionalidad mejorada. Las aplicaciones de la electrospinning en este campo son enormes y ofrecen posibilidades revolucionarias para el tratamiento y el cuidado de los pacientes. Con la nanofabricaci\u00f3n por electrospinning podemos crear estructuras a escala nanom\u00e9trica, lo que proporciona un nivel de precisi\u00f3n esencial en la industria farmac\u00e9utica.<\/p>\n<p>El campo Biom\u00e9dico se beneficia enormemente de nuestras aplicaciones de electrospinning. La ingenier\u00eda de tejidos, los revestimientos de implantes y los sistemas de estructuras para la medicina regenerativa son s\u00f3lo algunas de las aplicaciones en las que destacan el procesamiento y las aplicaciones de nuestros materiales de electrospinning. La capacidad de crear estructuras altamente porosas y biocompatibles convierte nuestro proceso de electrospinning en una tecnolog\u00eda fundamental para el avance de la investigaci\u00f3n y las terapias biom\u00e9dicas.<\/p>\n<p>En el sector de la Energ\u00eda, nuestra nanofabricaci\u00f3n por electrospinning desempe\u00f1a un papel fundamental en el desarrollo de materiales de alto rendimiento para bater\u00edas, pilas de combustible y c\u00e9lulas solares. Las propiedades \u00fanicas de las nanofibras, como el aumento de la superficie y la mejora de la conductividad, hacen que nuestras aplicaciones de electrospinning sean fundamentales para crear dispositivos de almacenamiento y conversi\u00f3n de energ\u00eda m\u00e1s eficientes y duraderos. A medida que el mundo avanza hacia soluciones m\u00e1s ecol\u00f3gicas, el proceso de electrospinning se sit\u00faa a la vanguardia de la innovaci\u00f3n en materiales energ\u00e9ticos.<\/p>\n\t\t<\/div>\n\t\t\t\t\t<\/div>\n\n\t\n\n\t<div id=\"col-290696744\" class=\"col medium-6 small-12 large-6\"  >\n\t\t\t\t<div class=\"col-inner\"  >\n\t\t\t\n\t\t\t\n<p>La Filtraci\u00f3n es otro sector en el que nuestras aplicaciones de electrospinning est\u00e1n transformando la industria. Nuestras aplicaciones y procesamiento de materiales de electrospinning producen filtros de gran eficacia y selectividad, adecuados para la purificaci\u00f3n del aire y el agua, y para aplicaciones industriales. La capacidad de adaptar el tama\u00f1o y la distribuci\u00f3n de los poros mediante el proceso de electrospinning significa que nuestros clientes pueden conseguir un rendimiento inigualable en sus productos de filtraci\u00f3n.<\/p>\n<p>Por \u00faltimo, en el \u00e1mbito de los Nuevos Materiales, las posibilidades son casi ilimitadas. Nuestra nanofabricaci\u00f3n por electrospinning permite crear tejidos inteligentes, sensores y otros productos innovadores. El proceso de electrospinning permite incorporar diversos materiales funcionales, abriendo nuevos horizontes en la ciencia y la ingenier\u00eda de materiales. Con nuestra tecnolog\u00eda, dise\u00f1adores e ingenieros pueden ampliar los l\u00edmites de lo posible, creando productos que antes s\u00f3lo se imaginaban.<\/p>\n\t\t<\/div>\n\t\t\t\t\t<\/div>\n\n\t\n<\/div>\n\t\t<\/div>\n\n\t\t\n<style>\n#section_1794702449 {\n  padding-top: 30px;\n  padding-bottom: 30px;\n}\n<\/style>\n\t<\/section>\n\t\n","protected":false},"excerpt":{"rendered":"","protected":false},"author":1,"featured_media":0,"parent":0,"menu_order":3,"comment_status":"closed","ping_status":"closed","template":"page-transparent-header.php","meta":{"_acf_changed":false,"inline_featured_image":false,"footnotes":""},"class_list":["post-18","page","type-page","status-publish","hentry"],"acf":[],"yoast_head":"<!-- This site is optimized with the Yoast SEO plugin v27.3 - https:\/\/yoast.com\/product\/yoast-seo-wordpress\/ -->\n<title>Aplicaciones en Electrospinning | Fluidnatek<\/title>\n<meta name=\"description\" content=\"Conoce las distintas aplicaciones que proporciona la tecnolog\u00eda del electrospinning. Gran variedad de \u00e1mbitos donde se pueden desarrollar.\" \/>\n<meta name=\"robots\" content=\"index, follow, max-snippet:-1, max-image-preview:large, max-video-preview:-1\" \/>\n<link rel=\"canonical\" href=\"https:\/\/fluidnatek.com\/es\/aplicaciones-electrospinning\/\" \/>\n<meta property=\"og:locale\" content=\"es_ES\" \/>\n<meta property=\"og:type\" content=\"article\" \/>\n<meta property=\"og:title\" content=\"Aplicaciones en Electrospinning | Fluidnatek\" \/>\n<meta property=\"og:description\" content=\"Conoce las distintas aplicaciones que proporciona la tecnolog\u00eda del electrospinning. Gran variedad de \u00e1mbitos donde se pueden desarrollar.\" \/>\n<meta property=\"og:url\" content=\"https:\/\/fluidnatek.com\/es\/aplicaciones-electrospinning\/\" \/>\n<meta property=\"og:site_name\" content=\"Fluidnatek\" \/>\n<meta property=\"article:modified_time\" content=\"2024-12-09T08:41:27+00:00\" \/>\n<meta name=\"twitter:card\" content=\"summary_large_image\" \/>\n<meta name=\"twitter:label1\" content=\"Tiempo de lectura\" \/>\n\t<meta name=\"twitter:data1\" content=\"5 minutos\" \/>\n<script type=\"application\/ld+json\" class=\"yoast-schema-graph\">{\"@context\":\"https:\\\/\\\/schema.org\",\"@graph\":[{\"@type\":\"WebPage\",\"@id\":\"https:\\\/\\\/fluidnatek.com\\\/es\\\/aplicaciones-electrospinning\\\/\",\"url\":\"https:\\\/\\\/fluidnatek.com\\\/es\\\/aplicaciones-electrospinning\\\/\",\"name\":\"Aplicaciones en Electrospinning | Fluidnatek\",\"isPartOf\":{\"@id\":\"https:\\\/\\\/fluidnatek.com\\\/es\\\/#website\"},\"datePublished\":\"2023-10-06T06:49:51+00:00\",\"dateModified\":\"2024-12-09T08:41:27+00:00\",\"description\":\"Conoce las distintas aplicaciones que proporciona la tecnolog\u00eda del electrospinning. Gran variedad de \u00e1mbitos donde se pueden desarrollar.\",\"breadcrumb\":{\"@id\":\"https:\\\/\\\/fluidnatek.com\\\/es\\\/aplicaciones-electrospinning\\\/#breadcrumb\"},\"inLanguage\":\"es\",\"potentialAction\":[{\"@type\":\"ReadAction\",\"target\":[\"https:\\\/\\\/fluidnatek.com\\\/es\\\/aplicaciones-electrospinning\\\/\"]}]},{\"@type\":\"BreadcrumbList\",\"@id\":\"https:\\\/\\\/fluidnatek.com\\\/es\\\/aplicaciones-electrospinning\\\/#breadcrumb\",\"itemListElement\":[{\"@type\":\"ListItem\",\"position\":1,\"name\":\"Home\",\"item\":\"https:\\\/\\\/fluidnatek.com\\\/es\\\/fluidnatek\\\/\"},{\"@type\":\"ListItem\",\"position\":2,\"name\":\"Aplicaciones\"}]},{\"@type\":\"WebSite\",\"@id\":\"https:\\\/\\\/fluidnatek.com\\\/es\\\/#website\",\"url\":\"https:\\\/\\\/fluidnatek.com\\\/es\\\/\",\"name\":\"Fluidnatek\",\"description\":\"Your premium partner in Electrospinning-Electrospraying Equipment\",\"potentialAction\":[{\"@type\":\"SearchAction\",\"target\":{\"@type\":\"EntryPoint\",\"urlTemplate\":\"https:\\\/\\\/fluidnatek.com\\\/es\\\/?s={search_term_string}\"},\"query-input\":{\"@type\":\"PropertyValueSpecification\",\"valueRequired\":true,\"valueName\":\"search_term_string\"}}],\"inLanguage\":\"es\"}]}<\/script>\n<!-- \/ Yoast SEO plugin. -->","yoast_head_json":{"title":"Aplicaciones en Electrospinning | Fluidnatek","description":"Conoce las distintas aplicaciones que proporciona la tecnolog\u00eda del electrospinning. Gran variedad de \u00e1mbitos donde se pueden desarrollar.","robots":{"index":"index","follow":"follow","max-snippet":"max-snippet:-1","max-image-preview":"max-image-preview:large","max-video-preview":"max-video-preview:-1"},"canonical":"https:\/\/fluidnatek.com\/es\/aplicaciones-electrospinning\/","og_locale":"es_ES","og_type":"article","og_title":"Aplicaciones en Electrospinning | Fluidnatek","og_description":"Conoce las distintas aplicaciones que proporciona la tecnolog\u00eda del electrospinning. Gran variedad de \u00e1mbitos donde se pueden desarrollar.","og_url":"https:\/\/fluidnatek.com\/es\/aplicaciones-electrospinning\/","og_site_name":"Fluidnatek","article_modified_time":"2024-12-09T08:41:27+00:00","twitter_card":"summary_large_image","twitter_misc":{"Tiempo de lectura":"5 minutos"},"schema":{"@context":"https:\/\/schema.org","@graph":[{"@type":"WebPage","@id":"https:\/\/fluidnatek.com\/es\/aplicaciones-electrospinning\/","url":"https:\/\/fluidnatek.com\/es\/aplicaciones-electrospinning\/","name":"Aplicaciones en Electrospinning | Fluidnatek","isPartOf":{"@id":"https:\/\/fluidnatek.com\/es\/#website"},"datePublished":"2023-10-06T06:49:51+00:00","dateModified":"2024-12-09T08:41:27+00:00","description":"Conoce las distintas aplicaciones que proporciona la tecnolog\u00eda del electrospinning. Gran variedad de \u00e1mbitos donde se pueden desarrollar.","breadcrumb":{"@id":"https:\/\/fluidnatek.com\/es\/aplicaciones-electrospinning\/#breadcrumb"},"inLanguage":"es","potentialAction":[{"@type":"ReadAction","target":["https:\/\/fluidnatek.com\/es\/aplicaciones-electrospinning\/"]}]},{"@type":"BreadcrumbList","@id":"https:\/\/fluidnatek.com\/es\/aplicaciones-electrospinning\/#breadcrumb","itemListElement":[{"@type":"ListItem","position":1,"name":"Home","item":"https:\/\/fluidnatek.com\/es\/fluidnatek\/"},{"@type":"ListItem","position":2,"name":"Aplicaciones"}]},{"@type":"WebSite","@id":"https:\/\/fluidnatek.com\/es\/#website","url":"https:\/\/fluidnatek.com\/es\/","name":"Fluidnatek","description":"Your premium partner in Electrospinning-Electrospraying Equipment","potentialAction":[{"@type":"SearchAction","target":{"@type":"EntryPoint","urlTemplate":"https:\/\/fluidnatek.com\/es\/?s={search_term_string}"},"query-input":{"@type":"PropertyValueSpecification","valueRequired":true,"valueName":"search_term_string"}}],"inLanguage":"es"}]}},"_links":{"self":[{"href":"https:\/\/fluidnatek.com\/es\/wp-json\/wp\/v2\/pages\/18","targetHints":{"allow":["GET"]}}],"collection":[{"href":"https:\/\/fluidnatek.com\/es\/wp-json\/wp\/v2\/pages"}],"about":[{"href":"https:\/\/fluidnatek.com\/es\/wp-json\/wp\/v2\/types\/page"}],"author":[{"embeddable":true,"href":"https:\/\/fluidnatek.com\/es\/wp-json\/wp\/v2\/users\/1"}],"replies":[{"embeddable":true,"href":"https:\/\/fluidnatek.com\/es\/wp-json\/wp\/v2\/comments?post=18"}],"version-history":[{"count":13,"href":"https:\/\/fluidnatek.com\/es\/wp-json\/wp\/v2\/pages\/18\/revisions"}],"predecessor-version":[{"id":7797,"href":"https:\/\/fluidnatek.com\/es\/wp-json\/wp\/v2\/pages\/18\/revisions\/7797"}],"wp:attachment":[{"href":"https:\/\/fluidnatek.com\/es\/wp-json\/wp\/v2\/media?parent=18"}],"curies":[{"name":"wp","href":"https:\/\/api.w.org\/{rel}","templated":true}]}}