{"id":12998,"date":"2026-03-09T15:43:39","date_gmt":"2026-03-09T15:43:39","guid":{"rendered":"https:\/\/fluidnatek.com\/success-stories\/"},"modified":"2026-03-25T11:13:55","modified_gmt":"2026-03-25T11:13:55","slug":"casos-exito","status":"publish","type":"page","link":"https:\/\/fluidnatek.com\/es\/casos-exito\/","title":{"rendered":"Casos de \u00e9xito"},"content":{"rendered":"\n\t<section class=\"section cover-half\" id=\"section_1271406314\">\n\t\t<div class=\"section-bg fill\" >\n\t\t\t<img loading=\"lazy\" decoding=\"async\" width=\"2021\" height=\"748\" src=\"https:\/\/fluidnatek.com\/wp-content\/uploads\/Cabecera-pagina-padre-1.jpg\" class=\"bg attachment-original size-original\" alt=\"\" \/>\t\t\t\t\t\t<div class=\"section-bg-overlay absolute fill\"><\/div>\n\t\t\t\n\n\t\t<\/div>\n\n\t\t\n\n\t\t<div class=\"section-content relative\">\n\t\t\t\n<div class=\"row row-collapse\"  id=\"row-1687834946\">\n\n\t<div id=\"col-1280172057\" class=\"col medium-7 small-12 large-7\"  >\n\t\t\t\t<div class=\"col-inner\"  >\n\t\t\t\n\t\t\t\n<h1 class=\"margin-bottom-0 head-l color-white\">Casos de \u00e9xito<\/h1>\n<a href=\"#content-case-studies\" class=\"button primary button-primary variant-arrow-blue margin-top-m\" >\n\t\t<span>Ver todos los casos de \u00e9xito<\/span>\n\t<\/a>\n\n\t\t<\/div>\n\t\t\t\t\t<\/div>\n\n\t\n<\/div>\n\t\t<\/div>\n\n\t\t\n<style>\n#section_1271406314 {\n  padding-top: 0pc;\n  padding-bottom: 0pc;\n}\n#section_1271406314 .section-bg-overlay {\n  background-color: rgba(37, 74, 116, 0.55);\n}\n#section_1271406314 .section-bg img {\n  object-position: 50% 0%;\n}\n<\/style>\n\t<\/section>\n\t\n\n\t<section class=\"section has-network-node\" id=\"section_11185674\">\n\t\t<div class=\"section-bg fill\" >\n\t\t\t\t\t\t\t\t\t\n\t\t\t\n\n\t\t<\/div>\n\n\t\t\n\n\t\t<div class=\"section-content relative\">\n\t\t\t\n<div class=\"row row-collapse row-full-width\"  id=\"row-1919863481\">\n\n\t<div id=\"col-1971800165\" class=\"col small-12 large-12\"  >\n\t\t\t\t<div class=\"col-inner\"  >\n\t\t\t\n\t\t\t\t<script>\n\tdocument.addEventListener('click', function(e) {\n\t\tvar btn = e.target.closest('.js-case-studie-filter-button');\n\t\tif (!btn) return;\n\n\t\te.preventDefault();\n\n\t\tvar wrapper = btn.closest('.js-case-studie-filter');\n\t\tif (!wrapper) return;\n\n\t\tvar group = wrapper.getAttribute('data-group') || 'default';\n\t\tvar term  = btn.getAttribute('data-term') || '';\n\t\tvar list  = document.querySelector('.js-case-studie-list[data-group=\"' + group + '\"]');\n\n\t\tif (!list) return;\n\n\t\twrapper.querySelectorAll('.js-case-studie-filter-button').forEach(function(item) {\n\t\t\titem.classList.remove('active');\n\t\t});\n\t\tbtn.classList.add('active');\n\n\t\tlist.classList.add('is-loading');\n\n\t\tvar formData = new FormData();\n\t\tformData.append('action', 'unanime_case_studie_filter');\n\t\tformData.append('nonce', '6266eca83d');\n\t\tformData.append('term_slug', term);\n\t\tformData.append('per_page', list.getAttribute('data-per-page') || '12');\n\t\tformData.append('orderby', list.getAttribute('data-orderby') || 'date');\n\t\tformData.append('order', list.getAttribute('data-order') || 'DESC');\n\t\tformData.append('read_more_text', list.getAttribute('data-read-more') || 'TODOS' );\n\t\tformData.append('image_size', list.getAttribute('data-image-size') || 'large');\n\n\t\tfetch('https:\/\/fluidnatek.com\/wp-admin\/admin-ajax.php', {\n\t\t\tmethod: 'POST',\n\t\t\tcredentials: 'same-origin',\n\t\t\tbody: formData\n\t\t})\n\t\t.then(function(response) {\n\t\t\treturn response.json();\n\t\t})\n\t\t.then(function(json) {\n\t\t\tif (json.success && json.data && typeof json.data.html !== 'undefined') {\n\t\t\t\tlist.innerHTML = json.data.html;\n\n\t\t\t\tvar url = new URL(window.location.href);\n\t\t\t\tif (term) {\n\t\t\t\t\turl.searchParams.set('case_studie_category', term);\n\t\t\t\t} else {\n\t\t\t\t\turl.searchParams.delete('case_studie_category');\n\t\t\t\t}\n\t\t\t\twindow.history.replaceState({}, '', url.toString());\n\t\t\t}\n\t\t})\n\t\t.catch(function(error) {\n\t\t\tconsole.error('Case studie AJAX error:', error);\n\t\t})\n\t\t.finally(function() {\n\t\t\tlist.classList.remove('is-loading');\n\t\t});\n\t});\n\t<\/script>\n\t\n\t<div id=\"gap-278198648\" class=\"gap-element clearfix\" style=\"display:block; height:auto;\">\n\t\t\n<style>\n#gap-278198648 {\n  padding-top: 100px;\n}\n<\/style>\n\t<\/div>\n\t\n<span class=\"scroll-to\" data-label=\"Scroll to: #content-case-studies\" data-bullet=\"false\" data-link=\"#content-case-studies\" data-title=\"content-case-studies\"><a name=\"content-case-studies\"><\/a><\/span>\n\t<div class=\"js-case-studie-filter row row-collapse slider-horizontal-nav display-grid grid-template-columns-6 md-grid-template-columns-3 sm-grid-template-columns-1 grid-gap-m sm-grid-gap-s padding-top-m\" data-group=\"home-case-studies\">\n\t\t<div class=\"col large-12\">\n\t\t\t<div class=\"col-inner\">\n\t\t\t\t<a href=\"#\" target=\"_self\" class=\"button primary button-secondary variant-full-width js-case-studie-filter-button active\" data-term=\"\">\n\t\t\t\t\t<span>Todos<\/span>\n\t\t\t\t<\/a>\n\t\t\t<\/div>\n\t\t<\/div>\n\n\t\t\t\t\t<div class=\"col large-12\">\n\t\t\t\t<div class=\"col-inner\">\n\t\t\t\t\t<a href=\"#\" target=\"_self\" class=\"button primary button-secondary variant-full-width js-case-studie-filter-button \" data-term=\"biomedico\">\n\t\t\t\t\t\t<span>Biom\u00e9dico<\/span>\n\t\t\t\t\t<\/a>\n\t\t\t\t<\/div>\n\t\t\t<\/div>\n\t\t\t<\/div>\n\t\n\t<div id=\"gap-1031970509\" class=\"gap-element clearfix\" style=\"display:block; height:auto;\">\n\t\t\n<style>\n#gap-1031970509 {\n  padding-top: 50px;\n}\n<\/style>\n\t<\/div>\n\t\n\t<div\n\t\tclass=\"js-case-studie-list case-studie-list-wrapper\"\n\t\tdata-group=\"home-case-studies\"\n\t\tdata-per-page=\"8\"\n\t\tdata-orderby=\"date\"\n\t\tdata-order=\"DESC\"\n\t\tdata-read-more=\"Leer m\u00e1s\"\n\t\tdata-image-size=\"large\"\n\t>\n\t\t\t\t<div class=\"row row-collapse display-grid grid-template-columns-2 sm-grid-template-columns-1 grid-gap-m\" id=\"row-posts\">\n\t\t\t\t\t\t\t<a href=\"https:\/\/fluidnatek.com\/es\/caso-exito\/como-applus-rescoll-desarrollo-andamios-scaffolds-biomimeticos-avanzados-para-la-regeneracion-osea\/\" target=\"_self\" class=\"post_container\">\n\t\t\t\t\t<div id=\"col-0\" class=\"col medium-12 small-12 large-12 display-flex flex-direction-column\">\n\t\t\t\t\t\t<div class=\"row row-collapse row_post_img\">\n\t\t\t\t\t\t\t<div id=\"col-0_img\" class=\"col medium-12 small-12 large-12\">\n\t\t\t\t\t\t\t\t<div class=\"col-inner\">\n\t\t\t\t\t\t\t\t\t<div class=\"noticias_image margin-bottom-s\">\n\t\t\t\t\t\t\t\t\t\t<img loading=\"lazy\" width=\"1020\" height=\"319\" src=\"https:\/\/fluidnatek.com\/wp-content\/uploads\/Powered-Fluidnatek-Applus-1024x320.png\" class=\"attachment-large size-large wp-post-image\" alt=\"C\u00f3mo APPLUS\/RESCOLL desarroll\u00f3 andamios (scaffolds) biomim\u00e9ticos avanzados para la regeneraci\u00f3n \u00f3sea\" decoding=\"async\" srcset=\"https:\/\/fluidnatek.com\/wp-content\/uploads\/Powered-Fluidnatek-Applus-1024x320.png 1024w, https:\/\/fluidnatek.com\/wp-content\/uploads\/Powered-Fluidnatek-Applus-300x94.png 300w, https:\/\/fluidnatek.com\/wp-content\/uploads\/Powered-Fluidnatek-Applus-768x240.png 768w, https:\/\/fluidnatek.com\/wp-content\/uploads\/Powered-Fluidnatek-Applus-1536x480.png 1536w, https:\/\/fluidnatek.com\/wp-content\/uploads\/Powered-Fluidnatek-Applus.png 1920w\" sizes=\"auto, (max-width: 1020px) 100vw, 1020px\" \/>\t\t\t\t\t\t\t\t\t<\/div>\n\t\t\t\t\t\t\t\t<\/div>\n\t\t\t\t\t\t\t<\/div>\n\t\t\t\t\t\t<\/div>\n\n\t\t\t\t\t\t<div class=\"row row-collapse height-100 row_post_text\">\n\t\t\t\t\t\t\t<div id=\"col-0_content\" class=\"col medium-12 small-12 large-12 height-100 display-flex flex-direction-column justify-content-space-between\">\n\t\t\t\t\t\t\t\t<div class=\"col-inner\">\n\t\t\t\t\t\t\t\t\t<div>\n\t\t\t\t\t\t\t\t\t\t<span class=\"noticias_title body-m color-blue-indigo-eye font-weight-700\">\n\t\t\t\t\t\t\t\t\t\t\tC\u00f3mo APPLUS\/RESCOLL desarroll\u00f3 andamios (scaffolds) biomim\u00e9ticos avanzados para la regeneraci\u00f3n \u00f3sea\t\t\t\t\t\t\t\t\t\t<\/span>\n\t\t\t\t\t\t\t\t\t\t<span class=\"noticias_title body-m color-blue-indigo-eye\">\n\t\t\t\t\t\t\t\t\t\t\t| En este caso pr\u00e1ctico, analizamos c\u00f3mo MARILYS Blanchy, experta en materiales para dispositivos m\u00e9dicos en APPLUS\/RESCOLL, abord\u00f3 los retos que plantea el desarrollo de...\t\t\t\t\t\t\t\t\t\t<\/span>\n\t\t\t\t\t\t\t\t\t<\/div>\n\t\t\t\t\t\t\t\t\t<div class=\"button primary button-primary margin-top-s\">\n\t\t\t\t\t\t\t\t\t\t<span>Leer m\u00e1s<\/span>\n\t\t\t\t\t\t\t\t\t<\/div>\n\t\t\t\t\t\t\t\t<\/div>\n\t\t\t\t\t\t\t<\/div>\n\t\t\t\t\t\t<\/div>\n\t\t\t\t\t<\/div>\n\t\t\t\t<\/a>\n\t\t\t\t\t\t\t\t<a href=\"https:\/\/fluidnatek.com\/es\/caso-exito\/como-la-uit-convirtio-la-innovacion-en-nanofibras-en-un-producto-comercial\/\" target=\"_self\" class=\"post_container\">\n\t\t\t\t\t<div id=\"col-1\" class=\"col medium-12 small-12 large-12 display-flex flex-direction-column\">\n\t\t\t\t\t\t<div class=\"row row-collapse row_post_img\">\n\t\t\t\t\t\t\t<div id=\"col-1_img\" class=\"col medium-12 small-12 large-12\">\n\t\t\t\t\t\t\t\t<div class=\"col-inner\">\n\t\t\t\t\t\t\t\t\t<div class=\"noticias_image margin-bottom-s\">\n\t\t\t\t\t\t\t\t\t\t<img loading=\"lazy\" width=\"1020\" height=\"319\" src=\"https:\/\/fluidnatek.com\/wp-content\/uploads\/Uit-Accurite-Powered-1-1024x320.png\" class=\"attachment-large size-large wp-post-image\" alt=\"C\u00f3mo la UiT convirti\u00f3 la innovaci\u00f3n en nanofibras en un producto comercial\" decoding=\"async\" srcset=\"https:\/\/fluidnatek.com\/wp-content\/uploads\/Uit-Accurite-Powered-1-1024x320.png 1024w, https:\/\/fluidnatek.com\/wp-content\/uploads\/Uit-Accurite-Powered-1-300x94.png 300w, https:\/\/fluidnatek.com\/wp-content\/uploads\/Uit-Accurite-Powered-1-768x240.png 768w, https:\/\/fluidnatek.com\/wp-content\/uploads\/Uit-Accurite-Powered-1-1536x480.png 1536w, https:\/\/fluidnatek.com\/wp-content\/uploads\/Uit-Accurite-Powered-1.png 1920w\" sizes=\"auto, (max-width: 1020px) 100vw, 1020px\" \/>\t\t\t\t\t\t\t\t\t<\/div>\n\t\t\t\t\t\t\t\t<\/div>\n\t\t\t\t\t\t\t<\/div>\n\t\t\t\t\t\t<\/div>\n\n\t\t\t\t\t\t<div class=\"row row-collapse height-100 row_post_text\">\n\t\t\t\t\t\t\t<div id=\"col-1_content\" class=\"col medium-12 small-12 large-12 height-100 display-flex flex-direction-column justify-content-space-between\">\n\t\t\t\t\t\t\t\t<div class=\"col-inner\">\n\t\t\t\t\t\t\t\t\t<div>\n\t\t\t\t\t\t\t\t\t\t<span class=\"noticias_title body-m color-blue-indigo-eye font-weight-700\">\n\t\t\t\t\t\t\t\t\t\t\tC\u00f3mo la UiT convirti\u00f3 la innovaci\u00f3n en nanofibras en un producto comercial\t\t\t\t\t\t\t\t\t\t<\/span>\n\t\t\t\t\t\t\t\t\t\t<span class=\"noticias_title body-m color-blue-indigo-eye\">\n\t\t\t\t\t\t\t\t\t\t\t| En colaboraci\u00f3n con la UiT \u2014Universidad \u00c1rtica de Noruega\u2014, un grupo de investigadores dirigido por la Dra. Komal Agarwal, el Dr. Krishna Agarwal y...\t\t\t\t\t\t\t\t\t\t<\/span>\n\t\t\t\t\t\t\t\t\t<\/div>\n\t\t\t\t\t\t\t\t\t<div class=\"button primary button-primary margin-top-s\">\n\t\t\t\t\t\t\t\t\t\t<span>Leer m\u00e1s<\/span>\n\t\t\t\t\t\t\t\t\t<\/div>\n\t\t\t\t\t\t\t\t<\/div>\n\t\t\t\t\t\t\t<\/div>\n\t\t\t\t\t\t<\/div>\n\t\t\t\t\t<\/div>\n\t\t\t\t<\/a>\n\t\t\t\t\t\t\t\t<a href=\"https:\/\/fluidnatek.com\/es\/caso-exito\/matrihealth-esta-redefiniendo-el-cuidado-avanzado-de-heridas-mediante-nanofibras-basadas-en-elastina\/\" target=\"_self\" class=\"post_container\">\n\t\t\t\t\t<div id=\"col-2\" class=\"col medium-12 small-12 large-12 display-flex flex-direction-column\">\n\t\t\t\t\t\t<div class=\"row row-collapse row_post_img\">\n\t\t\t\t\t\t\t<div id=\"col-2_img\" class=\"col medium-12 small-12 large-12\">\n\t\t\t\t\t\t\t\t<div class=\"col-inner\">\n\t\t\t\t\t\t\t\t\t<div class=\"noticias_image margin-bottom-s\">\n\t\t\t\t\t\t\t\t\t\t<img loading=\"lazy\" width=\"1020\" height=\"319\" src=\"https:\/\/fluidnatek.com\/wp-content\/uploads\/Powered-by-Fluidnatek-Matrihealth-1-1024x320.png\" class=\"attachment-large size-large wp-post-image\" alt=\"Matrihealth est\u00e1 redefiniendo el cuidado avanzado de heridas mediante nanofibras basadas en elastina\" decoding=\"async\" srcset=\"https:\/\/fluidnatek.com\/wp-content\/uploads\/Powered-by-Fluidnatek-Matrihealth-1-1024x320.png 1024w, https:\/\/fluidnatek.com\/wp-content\/uploads\/Powered-by-Fluidnatek-Matrihealth-1-300x94.png 300w, https:\/\/fluidnatek.com\/wp-content\/uploads\/Powered-by-Fluidnatek-Matrihealth-1-768x240.png 768w, https:\/\/fluidnatek.com\/wp-content\/uploads\/Powered-by-Fluidnatek-Matrihealth-1-1536x480.png 1536w, https:\/\/fluidnatek.com\/wp-content\/uploads\/Powered-by-Fluidnatek-Matrihealth-1.png 1920w\" sizes=\"auto, (max-width: 1020px) 100vw, 1020px\" \/>\t\t\t\t\t\t\t\t\t<\/div>\n\t\t\t\t\t\t\t\t<\/div>\n\t\t\t\t\t\t\t<\/div>\n\t\t\t\t\t\t<\/div>\n\n\t\t\t\t\t\t<div class=\"row row-collapse height-100 row_post_text\">\n\t\t\t\t\t\t\t<div id=\"col-2_content\" class=\"col medium-12 small-12 large-12 height-100 display-flex flex-direction-column justify-content-space-between\">\n\t\t\t\t\t\t\t\t<div class=\"col-inner\">\n\t\t\t\t\t\t\t\t\t<div>\n\t\t\t\t\t\t\t\t\t\t<span class=\"noticias_title body-m color-blue-indigo-eye font-weight-700\">\n\t\t\t\t\t\t\t\t\t\t\tMatrihealth est\u00e1 redefiniendo el cuidado avanzado de heridas mediante nanofibras basadas en elastina\t\t\t\t\t\t\t\t\t\t<\/span>\n\t\t\t\t\t\t\t\t\t\t<span class=\"noticias_title body-m color-blue-indigo-eye\">\n\t\t\t\t\t\t\t\t\t\t\t| En este caso de estudio exploramos c\u00f3mo el equipo de Matrihealth est\u00e1 abordando el desaf\u00edo de las heridas cr\u00f3nicas y la formaci\u00f3n de cicatrices...\t\t\t\t\t\t\t\t\t\t<\/span>\n\t\t\t\t\t\t\t\t\t<\/div>\n\t\t\t\t\t\t\t\t\t<div class=\"button primary button-primary margin-top-s\">\n\t\t\t\t\t\t\t\t\t\t<span>Leer m\u00e1s<\/span>\n\t\t\t\t\t\t\t\t\t<\/div>\n\t\t\t\t\t\t\t\t<\/div>\n\t\t\t\t\t\t\t<\/div>\n\t\t\t\t\t\t<\/div>\n\t\t\t\t\t<\/div>\n\t\t\t\t<\/a>\n\t\t\t\t\t\t<\/div>\n\t\t<\/div>\n\t\n\t<div id=\"gap-287106969\" class=\"gap-element clearfix\" style=\"display:block; height:auto;\">\n\t\t\n<style>\n#gap-287106969 {\n  padding-top: 100px;\n}\n<\/style>\n\t<\/div>\n\t\n\t\t<\/div>\n\t\t\t\t\t<\/div>\n\n\t\n<\/div>\n\n\t\t<\/div>\n\n\t\t\n<style>\n#section_11185674 {\n  padding-top: 0px;\n  padding-bottom: 0px;\n}\n<\/style>\n\t<\/section>\n\t\n","protected":false},"excerpt":{"rendered":"","protected":false},"author":2,"featured_media":0,"parent":0,"menu_order":0,"comment_status":"closed","ping_status":"closed","template":"page-transparent-header-light.php","meta":{"_acf_changed":false,"inline_featured_image":false,"footnotes":""},"class_list":["post-12998","page","type-page","status-publish","hentry"],"acf":[],"yoast_head":"<!-- This site is optimized with the Yoast SEO plugin v27.3 - https:\/\/yoast.com\/product\/yoast-seo-wordpress\/ -->\n<title>Casos de \u00e9xito - Fluidnatek<\/title>\n<meta name=\"robots\" content=\"index, follow, max-snippet:-1, max-image-preview:large, max-video-preview:-1\" \/>\n<link rel=\"canonical\" href=\"https:\/\/fluidnatek.com\/es\/casos-exito\/\" \/>\n<meta property=\"og:locale\" content=\"es_ES\" \/>\n<meta property=\"og:type\" content=\"article\" \/>\n<meta property=\"og:title\" content=\"Casos de \u00e9xito - Fluidnatek\" \/>\n<meta property=\"og:url\" content=\"https:\/\/fluidnatek.com\/es\/casos-exito\/\" \/>\n<meta property=\"og:site_name\" content=\"Fluidnatek\" \/>\n<meta property=\"article:modified_time\" content=\"2026-03-25T11:13:55+00:00\" \/>\n<meta name=\"twitter:card\" content=\"summary_large_image\" \/>\n<meta name=\"twitter:label1\" content=\"Tiempo de lectura\" \/>\n\t<meta name=\"twitter:data1\" content=\"1 minuto\" \/>\n<script type=\"application\/ld+json\" class=\"yoast-schema-graph\">{\"@context\":\"https:\\\/\\\/schema.org\",\"@graph\":[{\"@type\":\"WebPage\",\"@id\":\"https:\\\/\\\/fluidnatek.com\\\/es\\\/casos-exito\\\/\",\"url\":\"https:\\\/\\\/fluidnatek.com\\\/es\\\/casos-exito\\\/\",\"name\":\"Casos de \u00e9xito - Fluidnatek\",\"isPartOf\":{\"@id\":\"https:\\\/\\\/fluidnatek.com\\\/es\\\/#website\"},\"datePublished\":\"2026-03-09T15:43:39+00:00\",\"dateModified\":\"2026-03-25T11:13:55+00:00\",\"breadcrumb\":{\"@id\":\"https:\\\/\\\/fluidnatek.com\\\/es\\\/casos-exito\\\/#breadcrumb\"},\"inLanguage\":\"es\",\"potentialAction\":[{\"@type\":\"ReadAction\",\"target\":[\"https:\\\/\\\/fluidnatek.com\\\/es\\\/casos-exito\\\/\"]}]},{\"@type\":\"BreadcrumbList\",\"@id\":\"https:\\\/\\\/fluidnatek.com\\\/es\\\/casos-exito\\\/#breadcrumb\",\"itemListElement\":[{\"@type\":\"ListItem\",\"position\":1,\"name\":\"Home\",\"item\":\"https:\\\/\\\/fluidnatek.com\\\/es\\\/fluidnatek\\\/\"},{\"@type\":\"ListItem\",\"position\":2,\"name\":\"Casos de \u00e9xito\"}]},{\"@type\":\"WebSite\",\"@id\":\"https:\\\/\\\/fluidnatek.com\\\/es\\\/#website\",\"url\":\"https:\\\/\\\/fluidnatek.com\\\/es\\\/\",\"name\":\"Fluidnatek\",\"description\":\"Your premium partner in Electrospinning-Electrospraying Equipment\",\"potentialAction\":[{\"@type\":\"SearchAction\",\"target\":{\"@type\":\"EntryPoint\",\"urlTemplate\":\"https:\\\/\\\/fluidnatek.com\\\/es\\\/?s={search_term_string}\"},\"query-input\":{\"@type\":\"PropertyValueSpecification\",\"valueRequired\":true,\"valueName\":\"search_term_string\"}}],\"inLanguage\":\"es\"}]}<\/script>\n<!-- \/ Yoast SEO plugin. -->","yoast_head_json":{"title":"Casos de \u00e9xito - Fluidnatek","robots":{"index":"index","follow":"follow","max-snippet":"max-snippet:-1","max-image-preview":"max-image-preview:large","max-video-preview":"max-video-preview:-1"},"canonical":"https:\/\/fluidnatek.com\/es\/casos-exito\/","og_locale":"es_ES","og_type":"article","og_title":"Casos de \u00e9xito - Fluidnatek","og_url":"https:\/\/fluidnatek.com\/es\/casos-exito\/","og_site_name":"Fluidnatek","article_modified_time":"2026-03-25T11:13:55+00:00","twitter_card":"summary_large_image","twitter_misc":{"Tiempo de lectura":"1 minuto"},"schema":{"@context":"https:\/\/schema.org","@graph":[{"@type":"WebPage","@id":"https:\/\/fluidnatek.com\/es\/casos-exito\/","url":"https:\/\/fluidnatek.com\/es\/casos-exito\/","name":"Casos de \u00e9xito - Fluidnatek","isPartOf":{"@id":"https:\/\/fluidnatek.com\/es\/#website"},"datePublished":"2026-03-09T15:43:39+00:00","dateModified":"2026-03-25T11:13:55+00:00","breadcrumb":{"@id":"https:\/\/fluidnatek.com\/es\/casos-exito\/#breadcrumb"},"inLanguage":"es","potentialAction":[{"@type":"ReadAction","target":["https:\/\/fluidnatek.com\/es\/casos-exito\/"]}]},{"@type":"BreadcrumbList","@id":"https:\/\/fluidnatek.com\/es\/casos-exito\/#breadcrumb","itemListElement":[{"@type":"ListItem","position":1,"name":"Home","item":"https:\/\/fluidnatek.com\/es\/fluidnatek\/"},{"@type":"ListItem","position":2,"name":"Casos de \u00e9xito"}]},{"@type":"WebSite","@id":"https:\/\/fluidnatek.com\/es\/#website","url":"https:\/\/fluidnatek.com\/es\/","name":"Fluidnatek","description":"Your premium partner in Electrospinning-Electrospraying Equipment","potentialAction":[{"@type":"SearchAction","target":{"@type":"EntryPoint","urlTemplate":"https:\/\/fluidnatek.com\/es\/?s={search_term_string}"},"query-input":{"@type":"PropertyValueSpecification","valueRequired":true,"valueName":"search_term_string"}}],"inLanguage":"es"}]}},"_links":{"self":[{"href":"https:\/\/fluidnatek.com\/es\/wp-json\/wp\/v2\/pages\/12998","targetHints":{"allow":["GET"]}}],"collection":[{"href":"https:\/\/fluidnatek.com\/es\/wp-json\/wp\/v2\/pages"}],"about":[{"href":"https:\/\/fluidnatek.com\/es\/wp-json\/wp\/v2\/types\/page"}],"author":[{"embeddable":true,"href":"https:\/\/fluidnatek.com\/es\/wp-json\/wp\/v2\/users\/2"}],"replies":[{"embeddable":true,"href":"https:\/\/fluidnatek.com\/es\/wp-json\/wp\/v2\/comments?post=12998"}],"version-history":[{"count":6,"href":"https:\/\/fluidnatek.com\/es\/wp-json\/wp\/v2\/pages\/12998\/revisions"}],"predecessor-version":[{"id":13016,"href":"https:\/\/fluidnatek.com\/es\/wp-json\/wp\/v2\/pages\/12998\/revisions\/13016"}],"wp:attachment":[{"href":"https:\/\/fluidnatek.com\/es\/wp-json\/wp\/v2\/media?parent=12998"}],"curies":[{"name":"wp","href":"https:\/\/api.w.org\/{rel}","templated":true}]}}